{"id":11,"date":"2018-09-15T19:52:50","date_gmt":"2018-09-15T17:52:50","guid":{"rendered":"http:\/\/3broshostel.com\/?page_id=11"},"modified":"2024-02-08T13:17:52","modified_gmt":"2024-02-08T12:17:52","slug":"apartamenty-cieszyn","status":"publish","type":"page","link":"https:\/\/3broshostel.com\/en\/oferta\/apartamenty-cieszyn\/","title":{"rendered":"Mieszkania"},"content":{"rendered":"<p>We are convinced that there are guests, who like the idea of hosteling and prefer absolute privacy. For such people, we have prepared apartments &#8211; which, according to our assumption, retain the hostel&#8217;s unpretentious character, yet they guarantee our guests 100% independence.<\/p>\n<p><strong>Important:<\/strong> the reception of the hostel is approx.150 metres from the apartments. So you can always go to the hostel, find out something interesting about Cieszyn and the area, or even meet new people.<\/p>","protected":false},"excerpt":{"rendered":"<p>We are convinced that there are guests, who like the idea of hosteling and prefer absolute privacy. For such people, we have prepared apartments &#8211; which, according to our assumption, retain the hostel&#8217;s unpretentious character, yet they guarantee our guests 100% independence. Important: the reception of the hostel is approx.150 metres from the apartments. So [&hellip;]<\/p>\n","protected":false},"author":1,"featured_media":0,"parent":22,"menu_order":0,"comment_status":"closed","ping_status":"closed","template":"page-apartamenty.php","meta":{"_acf_changed":false,"footnotes":""},"class_list":["post-11","page","type-page","status-publish","hentry"],"acf":[],"yoast_head":"<!-- This site is optimized with the Yoast SEO plugin v25.6 - https:\/\/yoast.com\/wordpress\/plugins\/seo\/ -->\n<title>Apartementy w Cieszynie na wynajem | 3 Bros&#039; Hostel | Deer Apart<\/title>\n<meta name=\"description\" content=\"Rezerwuj bezpo\u015brednio komfortowe apartamenty w centrum Cieszyna: DERR APART, UPPER APART, 3 Bros&#039; Apart | najta\u0144sze ceny, omi\u0144 po\u015brednik\u00f3w\" \/>\n<meta name=\"robots\" content=\"index, follow, max-snippet:-1, max-image-preview:large, max-video-preview:-1\" \/>\n<link rel=\"canonical\" href=\"https:\/\/3broshostel.com\/oferta\/apartamenty-cieszyn\/\" \/>\n<meta property=\"og:locale\" content=\"en_US\" \/>\n<meta property=\"og:type\" content=\"article\" \/>\n<meta property=\"og:title\" content=\"[:pl]Mieszkania | 3 Bros&#039; Hostel | NOCLEG CIESZYN | Rezerwuj online[:en]Apartementy w Cieszynie na wynajem | 3 Bros&#039; Hostel | Deer Apart [:]\" \/>\n<meta property=\"og:description\" content=\"{:pl}Samodzielne komfortowe mieszkania na kr\u00f3tki pobyt w Cieszynie dla rodzi, par, ekipy znajomych na weekendowy wypad. {:en}Rezerwuj bezpo\u015brednio komfortowe apartamenty w centrum Cieszyna: DERR APART, UPPER APART, 3 Bros&#039; Apart | najta\u0144sze ceny, omi\u0144 po\u015brednik\u00f3w{:}\" \/>\n<meta property=\"og:url\" content=\"https:\/\/3broshostel.com\/oferta\/apartamenty-cieszyn\/\" \/>\n<meta property=\"og:site_name\" content=\"3 Bros&#039; Hostel\" \/>\n<meta property=\"article:publisher\" content=\"https:\/\/www.facebook.com\/hostel.cieszyn\/\" \/>\n<meta property=\"article:modified_time\" content=\"2024-02-08T12:17:52+00:00\" \/>\n<meta name=\"twitter:card\" content=\"summary_large_image\" \/>\n<meta name=\"twitter:site\" content=\"@3BrosHostel\" \/>\n<meta name=\"twitter:label1\" content=\"Est. reading time\" \/>\n\t<meta name=\"twitter:data1\" content=\"1 minute\" \/>\n<script type=\"application\/ld+json\" class=\"yoast-schema-graph\">{\"@context\":\"https:\/\/schema.org\",\"@graph\":[{\"@type\":\"WebPage\",\"@id\":\"https:\/\/3broshostel.com\/oferta\/apartamenty-cieszyn\/\",\"url\":\"https:\/\/3broshostel.com\/oferta\/apartamenty-cieszyn\/\",\"name\":\"[:pl]Mieszkania | 3 Bros&#039; Hostel | NOCLEG CIESZYN | Rezerwuj online[:en]Apartementy w Cieszynie na wynajem | 3 Bros&#039; Hostel | Deer Apart [:]\",\"isPartOf\":{\"@id\":\"https:\/\/3broshostel.com\/#website\"},\"datePublished\":\"2018-09-15T17:52:50+00:00\",\"dateModified\":\"2024-02-08T12:17:52+00:00\",\"description\":\"{:pl}Samodzielne komfortowe mieszkania na kr\u00f3tki pobyt w Cieszynie dla rodzi, par, ekipy znajomych na weekendowy wypad. {:en}Rezerwuj bezpo\u015brednio komfortowe apartamenty w centrum Cieszyna: DERR APART, UPPER APART, 3 Bros' Apart | najta\u0144sze ceny, omi\u0144 po\u015brednik\u00f3w{:}\",\"breadcrumb\":{\"@id\":\"https:\/\/3broshostel.com\/oferta\/apartamenty-cieszyn\/#breadcrumb\"},\"inLanguage\":\"en-US\",\"potentialAction\":[{\"@type\":\"ReadAction\",\"target\":[\"https:\/\/3broshostel.com\/oferta\/apartamenty-cieszyn\/\"]}]},{\"@type\":\"BreadcrumbList\",\"@id\":\"https:\/\/3broshostel.com\/oferta\/apartamenty-cieszyn\/#breadcrumb\",\"itemListElement\":[{\"@type\":\"ListItem\",\"position\":1,\"name\":\"Strona g\u0142\u00f3wna\",\"item\":\"https:\/\/3broshostel.com\/\"},{\"@type\":\"ListItem\",\"position\":2,\"name\":\"Oferta\",\"item\":\"https:\/\/3broshostel.com\/oferta\/\"},{\"@type\":\"ListItem\",\"position\":3,\"name\":\"Mieszkania\"}]},{\"@type\":\"WebSite\",\"@id\":\"https:\/\/3broshostel.com\/#website\",\"url\":\"https:\/\/3broshostel.com\/\",\"name\":\"3 Bros' Hostel Cieszyn\/ \u010cesk\u00fd T\u011b\u0161\u00edn\",\"description\":\"Cieszyn \/ \u010cesk\u00fd T\u011b\u0161\u00edn - Accomodation for backpackers\",\"publisher\":{\"@id\":\"https:\/\/3broshostel.com\/#organization\"},\"potentialAction\":[{\"@type\":\"SearchAction\",\"target\":{\"@type\":\"EntryPoint\",\"urlTemplate\":\"https:\/\/3broshostel.com\/?s={search_term_string}\"},\"query-input\":{\"@type\":\"PropertyValueSpecification\",\"valueRequired\":true,\"valueName\":\"search_term_string\"}}],\"inLanguage\":\"en-US\"},{\"@type\":\"Organization\",\"@id\":\"https:\/\/3broshostel.com\/#organization\",\"name\":\"3 Bros' Hostel Cieszyn\/ \u010cesk\u00fd T\u011b\u0161\u00edn\",\"url\":\"https:\/\/3broshostel.com\/\",\"logo\":{\"@type\":\"ImageObject\",\"inLanguage\":\"en-US\",\"@id\":\"https:\/\/3broshostel.com\/#\/schema\/logo\/image\/\",\"url\":\"https:\/\/3broshostel.com\/wp-content\/uploads\/2019\/03\/hostel_logo_new2019.png\",\"contentUrl\":\"https:\/\/3broshostel.com\/wp-content\/uploads\/2019\/03\/hostel_logo_new2019.png\",\"width\":1734,\"height\":435,\"caption\":\"3 Bros' Hostel Cieszyn\/ \u010cesk\u00fd T\u011b\u0161\u00edn\"},\"image\":{\"@id\":\"https:\/\/3broshostel.com\/#\/schema\/logo\/image\/\"},\"sameAs\":[\"https:\/\/www.facebook.com\/hostel.cieszyn\/\",\"https:\/\/x.com\/3BrosHostel\",\"https:\/\/www.instagram.com\/3bros_hostel_cieszyn\/\",\"https:\/\/www.youtube.com\/watch?v=oGFvBgvd0d4\"]}]}<\/script>\n<!-- \/ Yoast SEO plugin. -->","yoast_head_json":{"title":"Apartementy w Cieszynie na wynajem | 3 Bros&#039; Hostel | Deer Apart","description":"Rezerwuj bezpo\u015brednio komfortowe apartamenty w centrum Cieszyna: DERR APART, UPPER APART, 3 Bros' Apart | najta\u0144sze ceny, omi\u0144 po\u015brednik\u00f3w","robots":{"index":"index","follow":"follow","max-snippet":"max-snippet:-1","max-image-preview":"max-image-preview:large","max-video-preview":"max-video-preview:-1"},"canonical":"https:\/\/3broshostel.com\/oferta\/apartamenty-cieszyn\/","og_locale":"en_US","og_type":"article","og_title":"[:pl]Mieszkania | 3 Bros&#039; Hostel | NOCLEG CIESZYN | Rezerwuj online[:en]Apartementy w Cieszynie na wynajem | 3 Bros&#039; Hostel | Deer Apart [:]","og_description":"{:pl}Samodzielne komfortowe mieszkania na kr\u00f3tki pobyt w Cieszynie dla rodzi, par, ekipy znajomych na weekendowy wypad. {:en}Rezerwuj bezpo\u015brednio komfortowe apartamenty w centrum Cieszyna: DERR APART, UPPER APART, 3 Bros' Apart | najta\u0144sze ceny, omi\u0144 po\u015brednik\u00f3w{:}","og_url":"https:\/\/3broshostel.com\/oferta\/apartamenty-cieszyn\/","og_site_name":"3 Bros&#039; Hostel","article_publisher":"https:\/\/www.facebook.com\/hostel.cieszyn\/","article_modified_time":"2024-02-08T12:17:52+00:00","twitter_card":"summary_large_image","twitter_site":"@3BrosHostel","twitter_misc":{"Est. reading time":"1 minute"},"schema":{"@context":"https:\/\/schema.org","@graph":[{"@type":"WebPage","@id":"https:\/\/3broshostel.com\/oferta\/apartamenty-cieszyn\/","url":"https:\/\/3broshostel.com\/oferta\/apartamenty-cieszyn\/","name":"[:pl]Mieszkania | 3 Bros&#039; Hostel | NOCLEG CIESZYN | Rezerwuj online[:en]Apartementy w Cieszynie na wynajem | 3 Bros&#039; Hostel | Deer Apart [:]","isPartOf":{"@id":"https:\/\/3broshostel.com\/#website"},"datePublished":"2018-09-15T17:52:50+00:00","dateModified":"2024-02-08T12:17:52+00:00","description":"{:pl}Samodzielne komfortowe mieszkania na kr\u00f3tki pobyt w Cieszynie dla rodzi, par, ekipy znajomych na weekendowy wypad. {:en}Rezerwuj bezpo\u015brednio komfortowe apartamenty w centrum Cieszyna: DERR APART, UPPER APART, 3 Bros' Apart | najta\u0144sze ceny, omi\u0144 po\u015brednik\u00f3w{:}","breadcrumb":{"@id":"https:\/\/3broshostel.com\/oferta\/apartamenty-cieszyn\/#breadcrumb"},"inLanguage":"en-US","potentialAction":[{"@type":"ReadAction","target":["https:\/\/3broshostel.com\/oferta\/apartamenty-cieszyn\/"]}]},{"@type":"BreadcrumbList","@id":"https:\/\/3broshostel.com\/oferta\/apartamenty-cieszyn\/#breadcrumb","itemListElement":[{"@type":"ListItem","position":1,"name":"Strona g\u0142\u00f3wna","item":"https:\/\/3broshostel.com\/"},{"@type":"ListItem","position":2,"name":"Oferta","item":"https:\/\/3broshostel.com\/oferta\/"},{"@type":"ListItem","position":3,"name":"Mieszkania"}]},{"@type":"WebSite","@id":"https:\/\/3broshostel.com\/#website","url":"https:\/\/3broshostel.com\/","name":"3 Bros' Hostel Cieszyn\/ \u010cesk\u00fd T\u011b\u0161\u00edn","description":"Cieszyn \/ \u010cesk\u00fd T\u011b\u0161\u00edn - Accomodation for backpackers","publisher":{"@id":"https:\/\/3broshostel.com\/#organization"},"potentialAction":[{"@type":"SearchAction","target":{"@type":"EntryPoint","urlTemplate":"https:\/\/3broshostel.com\/?s={search_term_string}"},"query-input":{"@type":"PropertyValueSpecification","valueRequired":true,"valueName":"search_term_string"}}],"inLanguage":"en-US"},{"@type":"Organization","@id":"https:\/\/3broshostel.com\/#organization","name":"3 Bros' Hostel Cieszyn\/ \u010cesk\u00fd T\u011b\u0161\u00edn","url":"https:\/\/3broshostel.com\/","logo":{"@type":"ImageObject","inLanguage":"en-US","@id":"https:\/\/3broshostel.com\/#\/schema\/logo\/image\/","url":"https:\/\/3broshostel.com\/wp-content\/uploads\/2019\/03\/hostel_logo_new2019.png","contentUrl":"https:\/\/3broshostel.com\/wp-content\/uploads\/2019\/03\/hostel_logo_new2019.png","width":1734,"height":435,"caption":"3 Bros' Hostel Cieszyn\/ \u010cesk\u00fd T\u011b\u0161\u00edn"},"image":{"@id":"https:\/\/3broshostel.com\/#\/schema\/logo\/image\/"},"sameAs":["https:\/\/www.facebook.com\/hostel.cieszyn\/","https:\/\/x.com\/3BrosHostel","https:\/\/www.instagram.com\/3bros_hostel_cieszyn\/","https:\/\/www.youtube.com\/watch?v=oGFvBgvd0d4"]}]}},"_links":{"self":[{"href":"https:\/\/3broshostel.com\/en\/wp-json\/wp\/v2\/pages\/11"}],"collection":[{"href":"https:\/\/3broshostel.com\/en\/wp-json\/wp\/v2\/pages"}],"about":[{"href":"https:\/\/3broshostel.com\/en\/wp-json\/wp\/v2\/types\/page"}],"author":[{"embeddable":true,"href":"https:\/\/3broshostel.com\/en\/wp-json\/wp\/v2\/users\/1"}],"replies":[{"embeddable":true,"href":"https:\/\/3broshostel.com\/en\/wp-json\/wp\/v2\/comments?post=11"}],"version-history":[{"count":2,"href":"https:\/\/3broshostel.com\/en\/wp-json\/wp\/v2\/pages\/11\/revisions"}],"predecessor-version":[{"id":1188,"href":"https:\/\/3broshostel.com\/en\/wp-json\/wp\/v2\/pages\/11\/revisions\/1188"}],"up":[{"embeddable":true,"href":"https:\/\/3broshostel.com\/en\/wp-json\/wp\/v2\/pages\/22"}],"wp:attachment":[{"href":"https:\/\/3broshostel.com\/en\/wp-json\/wp\/v2\/media?parent=11"}],"curies":[{"name":"wp","href":"https:\/\/api.w.org\/{rel}","templated":true}]}}