{"id":28,"date":"2018-09-15T20:03:32","date_gmt":"2018-09-15T18:03:32","guid":{"rendered":"http:\/\/3broshostel.com\/?page_id=28"},"modified":"2024-02-08T13:16:10","modified_gmt":"2024-02-08T12:16:10","slug":"spotkania","status":"publish","type":"page","link":"https:\/\/3broshostel.com\/en\/group-booking\/spotkania\/","title":{"rendered":"Spotkania"},"content":{"rendered":"<p><img decoding=\"async\" class=\"alignright size-large wp-image-560\" src=\"http:\/\/3broshostel.com\/wp-content\/uploads\/2019\/02\/14054369_1059244240779061_6574996404512318287_o-1-1024x683.jpg\" alt=\"\" width=\"580\" height=\"387\" \/>Hostel to co\u015b wi\u0119cej, ni\u017c tylko zakwaterowanie. <strong>3 Bros&#8217; Hostel<\/strong> to miejsce dla:<\/p>\n<p>\u21d2 tramp\u00f3w i wagabund\u00f3w, chc\u0105cych odpocz\u0105\u0107 od wielkomiejskiego zgie\u0142ku.<\/p>\n<p>\u21d2 wielbicieli aktywnego wypoczynku \u2013 pieszych czy rowerowych wycieczek g\u00f3rskich, mi\u0142o\u015bnik\u00f3w narciarstwa, snowboardu itp.<\/p>\n<p>\u21d2 ludzi ciekawych \u015bwiata, chc\u0105cych odkrywa\u0107 nowe interesuj\u0105ce miejsca.<\/p>\n<p>\u21d2 zorganizowanych grup i grupek, licz\u0105cych na przyjemny i tani pobyt.<\/p>\n<p>\u21d2 amator\u00f3w czeskiej kuchni, a przede wszystkim czeskiego piwa.<\/p>\n<p>\u21d2 badaczy pogranicza, region\u00f3w wielokulturowych.<\/p>\n<p>\u21d2 mi\u0142o\u015bnik\u00f3w historii, tych, kt\u00f3rych samo has\u0142o Austro-W\u0119gry nape\u0142nia wielk\u0105 melancholi\u0105.<\/p>\n<p>\u21d2 podr\u00f3\u017cuj\u0105cych na trasie\u00a0Krak\u00f3w-Praga\u00a0(Praga-Krak\u00f3w), chc\u0105cych zaoszcz\u0119dzi\u0107 sporo grosza na bilecie kolejowym.<\/p>\n<p>\u21d2 artystycznych dusz, kt\u00f3re przyci\u0105gaj\u0105 do Cieszyna dziesi\u0105tki cyklicznych festiwali i wydarze\u0144 kulturalnych.<\/p>\n<p><strong>#Meetup Cieszyn<\/strong><\/p>","protected":false},"excerpt":{"rendered":"<p>Hostel to co\u015b wi\u0119cej, ni\u017c tylko zakwaterowanie. 3 Bros&#8217; Hostel to miejsce dla: \u21d2 tramp\u00f3w i wagabund\u00f3w, chc\u0105cych odpocz\u0105\u0107 od wielkomiejskiego zgie\u0142ku. \u21d2 wielbicieli aktywnego wypoczynku \u2013 pieszych czy rowerowych wycieczek g\u00f3rskich, mi\u0142o\u015bnik\u00f3w narciarstwa, snowboardu itp. \u21d2 ludzi ciekawych \u015bwiata, chc\u0105cych odkrywa\u0107 nowe interesuj\u0105ce miejsca. \u21d2 zorganizowanych grup i grupek, licz\u0105cych na przyjemny i tani [&hellip;]<\/p>\n","protected":false},"author":1,"featured_media":0,"parent":24,"menu_order":0,"comment_status":"closed","ping_status":"closed","template":"","meta":{"_acf_changed":false,"footnotes":""},"class_list":["post-28","page","type-page","status-publish","hentry"],"acf":[],"yoast_head":"<!-- This site is optimized with the Yoast SEO plugin v25.6 - https:\/\/yoast.com\/wordpress\/plugins\/seo\/ -->\n<title>Spotkania | 3 Bros&#039; Hostel<\/title>\n<meta name=\"robots\" content=\"index, follow, max-snippet:-1, max-image-preview:large, max-video-preview:-1\" \/>\n<link rel=\"canonical\" href=\"https:\/\/3broshostel.com\/group-booking\/spotkania\/\" \/>\n<meta property=\"og:locale\" content=\"en_US\" \/>\n<meta property=\"og:type\" content=\"article\" \/>\n<meta property=\"og:title\" content=\"Spotkania | 3 Bros&#039; Hostel\" \/>\n<meta property=\"og:description\" content=\"Hostel to co\u015b wi\u0119cej, ni\u017c tylko zakwaterowanie. 3 Bros&#8217; Hostel to miejsce dla: \u21d2 tramp\u00f3w i wagabund\u00f3w, chc\u0105cych odpocz\u0105\u0107 od wielkomiejskiego zgie\u0142ku. \u21d2 wielbicieli aktywnego wypoczynku \u2013 pieszych czy rowerowych wycieczek g\u00f3rskich, mi\u0142o\u015bnik\u00f3w narciarstwa, snowboardu itp. \u21d2 ludzi ciekawych \u015bwiata, chc\u0105cych odkrywa\u0107 nowe interesuj\u0105ce miejsca. \u21d2 zorganizowanych grup i grupek, licz\u0105cych na przyjemny i tani [&hellip;]\" \/>\n<meta property=\"og:url\" content=\"https:\/\/3broshostel.com\/group-booking\/spotkania\/\" \/>\n<meta property=\"og:site_name\" content=\"3 Bros&#039; Hostel\" \/>\n<meta property=\"article:publisher\" content=\"https:\/\/www.facebook.com\/hostel.cieszyn\/\" \/>\n<meta property=\"article:modified_time\" content=\"2024-02-08T12:16:10+00:00\" \/>\n<meta property=\"og:image\" content=\"http:\/\/3broshostel.com\/wp-content\/uploads\/2019\/02\/14054369_1059244240779061_6574996404512318287_o-1-1024x683.jpg\" \/>\n<meta name=\"twitter:card\" content=\"summary_large_image\" \/>\n<meta name=\"twitter:site\" content=\"@3BrosHostel\" \/>\n<meta name=\"twitter:label1\" content=\"Est. reading time\" \/>\n\t<meta name=\"twitter:data1\" content=\"1 minute\" \/>\n<script type=\"application\/ld+json\" class=\"yoast-schema-graph\">{\"@context\":\"https:\/\/schema.org\",\"@graph\":[{\"@type\":\"WebPage\",\"@id\":\"https:\/\/3broshostel.com\/group-booking\/spotkania\/\",\"url\":\"https:\/\/3broshostel.com\/group-booking\/spotkania\/\",\"name\":\"Spotkania | 3 Bros&#039; Hostel\",\"isPartOf\":{\"@id\":\"https:\/\/3broshostel.com\/#website\"},\"primaryImageOfPage\":{\"@id\":\"https:\/\/3broshostel.com\/group-booking\/spotkania\/#primaryimage\"},\"image\":{\"@id\":\"https:\/\/3broshostel.com\/group-booking\/spotkania\/#primaryimage\"},\"thumbnailUrl\":\"http:\/\/3broshostel.com\/wp-content\/uploads\/2019\/02\/14054369_1059244240779061_6574996404512318287_o-1-1024x683.jpg\",\"datePublished\":\"2018-09-15T18:03:32+00:00\",\"dateModified\":\"2024-02-08T12:16:10+00:00\",\"breadcrumb\":{\"@id\":\"https:\/\/3broshostel.com\/group-booking\/spotkania\/#breadcrumb\"},\"inLanguage\":\"en-US\",\"potentialAction\":[{\"@type\":\"ReadAction\",\"target\":[\"https:\/\/3broshostel.com\/group-booking\/spotkania\/\"]}]},{\"@type\":\"ImageObject\",\"inLanguage\":\"en-US\",\"@id\":\"https:\/\/3broshostel.com\/group-booking\/spotkania\/#primaryimage\",\"url\":\"http:\/\/3broshostel.com\/wp-content\/uploads\/2019\/02\/14054369_1059244240779061_6574996404512318287_o-1-1024x683.jpg\",\"contentUrl\":\"http:\/\/3broshostel.com\/wp-content\/uploads\/2019\/02\/14054369_1059244240779061_6574996404512318287_o-1-1024x683.jpg\"},{\"@type\":\"BreadcrumbList\",\"@id\":\"https:\/\/3broshostel.com\/group-booking\/spotkania\/#breadcrumb\",\"itemListElement\":[{\"@type\":\"ListItem\",\"position\":1,\"name\":\"Strona g\u0142\u00f3wna\",\"item\":\"https:\/\/3broshostel.com\/\"},{\"@type\":\"ListItem\",\"position\":2,\"name\":\"Group Booking\",\"item\":\"https:\/\/3broshostel.com\/en\/group-booking\/\"},{\"@type\":\"ListItem\",\"position\":3,\"name\":\"Spotkania\"}]},{\"@type\":\"WebSite\",\"@id\":\"https:\/\/3broshostel.com\/#website\",\"url\":\"https:\/\/3broshostel.com\/\",\"name\":\"3 Bros' Hostel Cieszyn\/ \u010cesk\u00fd T\u011b\u0161\u00edn\",\"description\":\"Cieszyn \/ \u010cesk\u00fd T\u011b\u0161\u00edn - Accomodation for backpackers\",\"publisher\":{\"@id\":\"https:\/\/3broshostel.com\/#organization\"},\"potentialAction\":[{\"@type\":\"SearchAction\",\"target\":{\"@type\":\"EntryPoint\",\"urlTemplate\":\"https:\/\/3broshostel.com\/?s={search_term_string}\"},\"query-input\":{\"@type\":\"PropertyValueSpecification\",\"valueRequired\":true,\"valueName\":\"search_term_string\"}}],\"inLanguage\":\"en-US\"},{\"@type\":\"Organization\",\"@id\":\"https:\/\/3broshostel.com\/#organization\",\"name\":\"3 Bros' Hostel Cieszyn\/ \u010cesk\u00fd T\u011b\u0161\u00edn\",\"url\":\"https:\/\/3broshostel.com\/\",\"logo\":{\"@type\":\"ImageObject\",\"inLanguage\":\"en-US\",\"@id\":\"https:\/\/3broshostel.com\/#\/schema\/logo\/image\/\",\"url\":\"https:\/\/3broshostel.com\/wp-content\/uploads\/2019\/03\/hostel_logo_new2019.png\",\"contentUrl\":\"https:\/\/3broshostel.com\/wp-content\/uploads\/2019\/03\/hostel_logo_new2019.png\",\"width\":1734,\"height\":435,\"caption\":\"3 Bros' Hostel Cieszyn\/ \u010cesk\u00fd T\u011b\u0161\u00edn\"},\"image\":{\"@id\":\"https:\/\/3broshostel.com\/#\/schema\/logo\/image\/\"},\"sameAs\":[\"https:\/\/www.facebook.com\/hostel.cieszyn\/\",\"https:\/\/x.com\/3BrosHostel\",\"https:\/\/www.instagram.com\/3bros_hostel_cieszyn\/\",\"https:\/\/www.youtube.com\/watch?v=oGFvBgvd0d4\"]}]}<\/script>\n<!-- \/ Yoast SEO plugin. -->","yoast_head_json":{"title":"Spotkania | 3 Bros&#039; Hostel","robots":{"index":"index","follow":"follow","max-snippet":"max-snippet:-1","max-image-preview":"max-image-preview:large","max-video-preview":"max-video-preview:-1"},"canonical":"https:\/\/3broshostel.com\/group-booking\/spotkania\/","og_locale":"en_US","og_type":"article","og_title":"Spotkania | 3 Bros&#039; Hostel","og_description":"Hostel to co\u015b wi\u0119cej, ni\u017c tylko zakwaterowanie. 3 Bros&#8217; Hostel to miejsce dla: \u21d2 tramp\u00f3w i wagabund\u00f3w, chc\u0105cych odpocz\u0105\u0107 od wielkomiejskiego zgie\u0142ku. \u21d2 wielbicieli aktywnego wypoczynku \u2013 pieszych czy rowerowych wycieczek g\u00f3rskich, mi\u0142o\u015bnik\u00f3w narciarstwa, snowboardu itp. \u21d2 ludzi ciekawych \u015bwiata, chc\u0105cych odkrywa\u0107 nowe interesuj\u0105ce miejsca. \u21d2 zorganizowanych grup i grupek, licz\u0105cych na przyjemny i tani [&hellip;]","og_url":"https:\/\/3broshostel.com\/group-booking\/spotkania\/","og_site_name":"3 Bros&#039; Hostel","article_publisher":"https:\/\/www.facebook.com\/hostel.cieszyn\/","article_modified_time":"2024-02-08T12:16:10+00:00","og_image":[{"url":"http:\/\/3broshostel.com\/wp-content\/uploads\/2019\/02\/14054369_1059244240779061_6574996404512318287_o-1-1024x683.jpg","type":"","width":"","height":""}],"twitter_card":"summary_large_image","twitter_site":"@3BrosHostel","twitter_misc":{"Est. reading time":"1 minute"},"schema":{"@context":"https:\/\/schema.org","@graph":[{"@type":"WebPage","@id":"https:\/\/3broshostel.com\/group-booking\/spotkania\/","url":"https:\/\/3broshostel.com\/group-booking\/spotkania\/","name":"Spotkania | 3 Bros&#039; Hostel","isPartOf":{"@id":"https:\/\/3broshostel.com\/#website"},"primaryImageOfPage":{"@id":"https:\/\/3broshostel.com\/group-booking\/spotkania\/#primaryimage"},"image":{"@id":"https:\/\/3broshostel.com\/group-booking\/spotkania\/#primaryimage"},"thumbnailUrl":"http:\/\/3broshostel.com\/wp-content\/uploads\/2019\/02\/14054369_1059244240779061_6574996404512318287_o-1-1024x683.jpg","datePublished":"2018-09-15T18:03:32+00:00","dateModified":"2024-02-08T12:16:10+00:00","breadcrumb":{"@id":"https:\/\/3broshostel.com\/group-booking\/spotkania\/#breadcrumb"},"inLanguage":"en-US","potentialAction":[{"@type":"ReadAction","target":["https:\/\/3broshostel.com\/group-booking\/spotkania\/"]}]},{"@type":"ImageObject","inLanguage":"en-US","@id":"https:\/\/3broshostel.com\/group-booking\/spotkania\/#primaryimage","url":"http:\/\/3broshostel.com\/wp-content\/uploads\/2019\/02\/14054369_1059244240779061_6574996404512318287_o-1-1024x683.jpg","contentUrl":"http:\/\/3broshostel.com\/wp-content\/uploads\/2019\/02\/14054369_1059244240779061_6574996404512318287_o-1-1024x683.jpg"},{"@type":"BreadcrumbList","@id":"https:\/\/3broshostel.com\/group-booking\/spotkania\/#breadcrumb","itemListElement":[{"@type":"ListItem","position":1,"name":"Strona g\u0142\u00f3wna","item":"https:\/\/3broshostel.com\/"},{"@type":"ListItem","position":2,"name":"Group Booking","item":"https:\/\/3broshostel.com\/en\/group-booking\/"},{"@type":"ListItem","position":3,"name":"Spotkania"}]},{"@type":"WebSite","@id":"https:\/\/3broshostel.com\/#website","url":"https:\/\/3broshostel.com\/","name":"3 Bros' Hostel Cieszyn\/ \u010cesk\u00fd T\u011b\u0161\u00edn","description":"Cieszyn \/ \u010cesk\u00fd T\u011b\u0161\u00edn - Accomodation for backpackers","publisher":{"@id":"https:\/\/3broshostel.com\/#organization"},"potentialAction":[{"@type":"SearchAction","target":{"@type":"EntryPoint","urlTemplate":"https:\/\/3broshostel.com\/?s={search_term_string}"},"query-input":{"@type":"PropertyValueSpecification","valueRequired":true,"valueName":"search_term_string"}}],"inLanguage":"en-US"},{"@type":"Organization","@id":"https:\/\/3broshostel.com\/#organization","name":"3 Bros' Hostel Cieszyn\/ \u010cesk\u00fd T\u011b\u0161\u00edn","url":"https:\/\/3broshostel.com\/","logo":{"@type":"ImageObject","inLanguage":"en-US","@id":"https:\/\/3broshostel.com\/#\/schema\/logo\/image\/","url":"https:\/\/3broshostel.com\/wp-content\/uploads\/2019\/03\/hostel_logo_new2019.png","contentUrl":"https:\/\/3broshostel.com\/wp-content\/uploads\/2019\/03\/hostel_logo_new2019.png","width":1734,"height":435,"caption":"3 Bros' Hostel Cieszyn\/ \u010cesk\u00fd T\u011b\u0161\u00edn"},"image":{"@id":"https:\/\/3broshostel.com\/#\/schema\/logo\/image\/"},"sameAs":["https:\/\/www.facebook.com\/hostel.cieszyn\/","https:\/\/x.com\/3BrosHostel","https:\/\/www.instagram.com\/3bros_hostel_cieszyn\/","https:\/\/www.youtube.com\/watch?v=oGFvBgvd0d4"]}]}},"_links":{"self":[{"href":"https:\/\/3broshostel.com\/en\/wp-json\/wp\/v2\/pages\/28"}],"collection":[{"href":"https:\/\/3broshostel.com\/en\/wp-json\/wp\/v2\/pages"}],"about":[{"href":"https:\/\/3broshostel.com\/en\/wp-json\/wp\/v2\/types\/page"}],"author":[{"embeddable":true,"href":"https:\/\/3broshostel.com\/en\/wp-json\/wp\/v2\/users\/1"}],"replies":[{"embeddable":true,"href":"https:\/\/3broshostel.com\/en\/wp-json\/wp\/v2\/comments?post=28"}],"version-history":[{"count":2,"href":"https:\/\/3broshostel.com\/en\/wp-json\/wp\/v2\/pages\/28\/revisions"}],"predecessor-version":[{"id":1186,"href":"https:\/\/3broshostel.com\/en\/wp-json\/wp\/v2\/pages\/28\/revisions\/1186"}],"up":[{"embeddable":true,"href":"https:\/\/3broshostel.com\/en\/wp-json\/wp\/v2\/pages\/24"}],"wp:attachment":[{"href":"https:\/\/3broshostel.com\/en\/wp-json\/wp\/v2\/media?parent=28"}],"curies":[{"name":"wp","href":"https:\/\/api.w.org\/{rel}","templated":true}]}}