{"id":30,"date":"2018-09-15T20:03:44","date_gmt":"2018-09-15T18:03:44","guid":{"rendered":"http:\/\/3broshostel.com\/?page_id=30"},"modified":"2024-02-08T13:15:26","modified_gmt":"2024-02-08T12:15:26","slug":"eventy","status":"publish","type":"page","link":"https:\/\/3broshostel.com\/en\/group-booking\/eventy\/","title":{"rendered":"Eventy"},"content":{"rendered":"<p>Are you thinking about a trip in a group of friends? Or maybe a week long open-air workshop with a group of students? Or a sentimental reunion? Short school trip? Or maybe a stress-free several-person escape from a big city? What can we offer you?<\/p>\n<p>Admittedly, Cieszyn is not Las Vegas, Cieszyn is not even Krak\u00f3w or Wroc\u0142aw, but&#8230; Believe us, it&#8217;s a pretty cool place to relax in a fun circle of friends &#8211; we promise you that there will be plenty of attractions. If you need help in organizing free time &#8211; we are here to help you. Renting a restaurant? Help in finding suitable railway or bus connections. A bus ride? Or maybe simply a right advice will be enough?<br \/>\nIn terms of groups, we work it out individually, but of course we offer suitable discounts.<\/p>\n<p><strong>Let us know &#8211; we&#8217;ll work it out!<\/strong><br \/>\n<strong>#Meetup Cieszyn<\/strong><\/p>","protected":false},"excerpt":{"rendered":"<p>Are you thinking about a trip in a group of friends? Or maybe a week long open-air workshop with a group of students? Or a sentimental reunion? Short school trip? Or maybe a stress-free several-person escape from a big city? What can we offer you? Admittedly, Cieszyn is not Las Vegas, Cieszyn is not even [&hellip;]<\/p>\n","protected":false},"author":1,"featured_media":0,"parent":24,"menu_order":0,"comment_status":"closed","ping_status":"closed","template":"page-wasko.php","meta":{"_acf_changed":false,"footnotes":""},"class_list":["post-30","page","type-page","status-publish","hentry"],"acf":[],"yoast_head":"<!-- This site is optimized with the Yoast SEO plugin v25.6 - https:\/\/yoast.com\/wordpress\/plugins\/seo\/ -->\n<title>Eventy | 3 Bros&#039; Hostel<\/title>\n<meta name=\"robots\" content=\"index, follow, max-snippet:-1, max-image-preview:large, max-video-preview:-1\" \/>\n<link rel=\"canonical\" href=\"https:\/\/3broshostel.com\/group-booking\/eventy\/\" \/>\n<meta property=\"og:locale\" content=\"en_US\" \/>\n<meta property=\"og:type\" content=\"article\" \/>\n<meta property=\"og:title\" content=\"Eventy | 3 Bros&#039; Hostel\" \/>\n<meta property=\"og:description\" content=\"Are you thinking about a trip in a group of friends? Or maybe a week long open-air workshop with a group of students? Or a sentimental reunion? Short school trip? Or maybe a stress-free several-person escape from a big city? What can we offer you? Admittedly, Cieszyn is not Las Vegas, Cieszyn is not even [&hellip;]\" \/>\n<meta property=\"og:url\" content=\"https:\/\/3broshostel.com\/group-booking\/eventy\/\" \/>\n<meta property=\"og:site_name\" content=\"3 Bros&#039; Hostel\" \/>\n<meta property=\"article:publisher\" content=\"https:\/\/www.facebook.com\/hostel.cieszyn\/\" \/>\n<meta property=\"article:modified_time\" content=\"2024-02-08T12:15:26+00:00\" \/>\n<meta name=\"twitter:card\" content=\"summary_large_image\" \/>\n<meta name=\"twitter:site\" content=\"@3BrosHostel\" \/>\n<meta name=\"twitter:label1\" content=\"Est. reading time\" \/>\n\t<meta name=\"twitter:data1\" content=\"1 minute\" \/>\n<script type=\"application\/ld+json\" class=\"yoast-schema-graph\">{\"@context\":\"https:\/\/schema.org\",\"@graph\":[{\"@type\":\"WebPage\",\"@id\":\"https:\/\/3broshostel.com\/group-booking\/eventy\/\",\"url\":\"https:\/\/3broshostel.com\/group-booking\/eventy\/\",\"name\":\"Eventy | 3 Bros&#039; Hostel\",\"isPartOf\":{\"@id\":\"https:\/\/3broshostel.com\/#website\"},\"datePublished\":\"2018-09-15T18:03:44+00:00\",\"dateModified\":\"2024-02-08T12:15:26+00:00\",\"breadcrumb\":{\"@id\":\"https:\/\/3broshostel.com\/group-booking\/eventy\/#breadcrumb\"},\"inLanguage\":\"en-US\",\"potentialAction\":[{\"@type\":\"ReadAction\",\"target\":[\"https:\/\/3broshostel.com\/group-booking\/eventy\/\"]}]},{\"@type\":\"BreadcrumbList\",\"@id\":\"https:\/\/3broshostel.com\/group-booking\/eventy\/#breadcrumb\",\"itemListElement\":[{\"@type\":\"ListItem\",\"position\":1,\"name\":\"Strona g\u0142\u00f3wna\",\"item\":\"https:\/\/3broshostel.com\/\"},{\"@type\":\"ListItem\",\"position\":2,\"name\":\"Group Booking\",\"item\":\"https:\/\/3broshostel.com\/en\/group-booking\/\"},{\"@type\":\"ListItem\",\"position\":3,\"name\":\"Eventy\"}]},{\"@type\":\"WebSite\",\"@id\":\"https:\/\/3broshostel.com\/#website\",\"url\":\"https:\/\/3broshostel.com\/\",\"name\":\"3 Bros' Hostel Cieszyn\/ \u010cesk\u00fd T\u011b\u0161\u00edn\",\"description\":\"Cieszyn \/ \u010cesk\u00fd T\u011b\u0161\u00edn - Accomodation for backpackers\",\"publisher\":{\"@id\":\"https:\/\/3broshostel.com\/#organization\"},\"potentialAction\":[{\"@type\":\"SearchAction\",\"target\":{\"@type\":\"EntryPoint\",\"urlTemplate\":\"https:\/\/3broshostel.com\/?s={search_term_string}\"},\"query-input\":{\"@type\":\"PropertyValueSpecification\",\"valueRequired\":true,\"valueName\":\"search_term_string\"}}],\"inLanguage\":\"en-US\"},{\"@type\":\"Organization\",\"@id\":\"https:\/\/3broshostel.com\/#organization\",\"name\":\"3 Bros' Hostel Cieszyn\/ \u010cesk\u00fd T\u011b\u0161\u00edn\",\"url\":\"https:\/\/3broshostel.com\/\",\"logo\":{\"@type\":\"ImageObject\",\"inLanguage\":\"en-US\",\"@id\":\"https:\/\/3broshostel.com\/#\/schema\/logo\/image\/\",\"url\":\"https:\/\/3broshostel.com\/wp-content\/uploads\/2019\/03\/hostel_logo_new2019.png\",\"contentUrl\":\"https:\/\/3broshostel.com\/wp-content\/uploads\/2019\/03\/hostel_logo_new2019.png\",\"width\":1734,\"height\":435,\"caption\":\"3 Bros' Hostel Cieszyn\/ \u010cesk\u00fd T\u011b\u0161\u00edn\"},\"image\":{\"@id\":\"https:\/\/3broshostel.com\/#\/schema\/logo\/image\/\"},\"sameAs\":[\"https:\/\/www.facebook.com\/hostel.cieszyn\/\",\"https:\/\/x.com\/3BrosHostel\",\"https:\/\/www.instagram.com\/3bros_hostel_cieszyn\/\",\"https:\/\/www.youtube.com\/watch?v=oGFvBgvd0d4\"]}]}<\/script>\n<!-- \/ Yoast SEO plugin. -->","yoast_head_json":{"title":"Eventy | 3 Bros&#039; Hostel","robots":{"index":"index","follow":"follow","max-snippet":"max-snippet:-1","max-image-preview":"max-image-preview:large","max-video-preview":"max-video-preview:-1"},"canonical":"https:\/\/3broshostel.com\/group-booking\/eventy\/","og_locale":"en_US","og_type":"article","og_title":"Eventy | 3 Bros&#039; Hostel","og_description":"Are you thinking about a trip in a group of friends? Or maybe a week long open-air workshop with a group of students? Or a sentimental reunion? Short school trip? Or maybe a stress-free several-person escape from a big city? What can we offer you? Admittedly, Cieszyn is not Las Vegas, Cieszyn is not even [&hellip;]","og_url":"https:\/\/3broshostel.com\/group-booking\/eventy\/","og_site_name":"3 Bros&#039; Hostel","article_publisher":"https:\/\/www.facebook.com\/hostel.cieszyn\/","article_modified_time":"2024-02-08T12:15:26+00:00","twitter_card":"summary_large_image","twitter_site":"@3BrosHostel","twitter_misc":{"Est. reading time":"1 minute"},"schema":{"@context":"https:\/\/schema.org","@graph":[{"@type":"WebPage","@id":"https:\/\/3broshostel.com\/group-booking\/eventy\/","url":"https:\/\/3broshostel.com\/group-booking\/eventy\/","name":"Eventy | 3 Bros&#039; Hostel","isPartOf":{"@id":"https:\/\/3broshostel.com\/#website"},"datePublished":"2018-09-15T18:03:44+00:00","dateModified":"2024-02-08T12:15:26+00:00","breadcrumb":{"@id":"https:\/\/3broshostel.com\/group-booking\/eventy\/#breadcrumb"},"inLanguage":"en-US","potentialAction":[{"@type":"ReadAction","target":["https:\/\/3broshostel.com\/group-booking\/eventy\/"]}]},{"@type":"BreadcrumbList","@id":"https:\/\/3broshostel.com\/group-booking\/eventy\/#breadcrumb","itemListElement":[{"@type":"ListItem","position":1,"name":"Strona g\u0142\u00f3wna","item":"https:\/\/3broshostel.com\/"},{"@type":"ListItem","position":2,"name":"Group Booking","item":"https:\/\/3broshostel.com\/en\/group-booking\/"},{"@type":"ListItem","position":3,"name":"Eventy"}]},{"@type":"WebSite","@id":"https:\/\/3broshostel.com\/#website","url":"https:\/\/3broshostel.com\/","name":"3 Bros' Hostel Cieszyn\/ \u010cesk\u00fd T\u011b\u0161\u00edn","description":"Cieszyn \/ \u010cesk\u00fd T\u011b\u0161\u00edn - Accomodation for backpackers","publisher":{"@id":"https:\/\/3broshostel.com\/#organization"},"potentialAction":[{"@type":"SearchAction","target":{"@type":"EntryPoint","urlTemplate":"https:\/\/3broshostel.com\/?s={search_term_string}"},"query-input":{"@type":"PropertyValueSpecification","valueRequired":true,"valueName":"search_term_string"}}],"inLanguage":"en-US"},{"@type":"Organization","@id":"https:\/\/3broshostel.com\/#organization","name":"3 Bros' Hostel Cieszyn\/ \u010cesk\u00fd T\u011b\u0161\u00edn","url":"https:\/\/3broshostel.com\/","logo":{"@type":"ImageObject","inLanguage":"en-US","@id":"https:\/\/3broshostel.com\/#\/schema\/logo\/image\/","url":"https:\/\/3broshostel.com\/wp-content\/uploads\/2019\/03\/hostel_logo_new2019.png","contentUrl":"https:\/\/3broshostel.com\/wp-content\/uploads\/2019\/03\/hostel_logo_new2019.png","width":1734,"height":435,"caption":"3 Bros' Hostel Cieszyn\/ \u010cesk\u00fd T\u011b\u0161\u00edn"},"image":{"@id":"https:\/\/3broshostel.com\/#\/schema\/logo\/image\/"},"sameAs":["https:\/\/www.facebook.com\/hostel.cieszyn\/","https:\/\/x.com\/3BrosHostel","https:\/\/www.instagram.com\/3bros_hostel_cieszyn\/","https:\/\/www.youtube.com\/watch?v=oGFvBgvd0d4"]}]}},"_links":{"self":[{"href":"https:\/\/3broshostel.com\/en\/wp-json\/wp\/v2\/pages\/30"}],"collection":[{"href":"https:\/\/3broshostel.com\/en\/wp-json\/wp\/v2\/pages"}],"about":[{"href":"https:\/\/3broshostel.com\/en\/wp-json\/wp\/v2\/types\/page"}],"author":[{"embeddable":true,"href":"https:\/\/3broshostel.com\/en\/wp-json\/wp\/v2\/users\/1"}],"replies":[{"embeddable":true,"href":"https:\/\/3broshostel.com\/en\/wp-json\/wp\/v2\/comments?post=30"}],"version-history":[{"count":2,"href":"https:\/\/3broshostel.com\/en\/wp-json\/wp\/v2\/pages\/30\/revisions"}],"predecessor-version":[{"id":1185,"href":"https:\/\/3broshostel.com\/en\/wp-json\/wp\/v2\/pages\/30\/revisions\/1185"}],"up":[{"embeddable":true,"href":"https:\/\/3broshostel.com\/en\/wp-json\/wp\/v2\/pages\/24"}],"wp:attachment":[{"href":"https:\/\/3broshostel.com\/en\/wp-json\/wp\/v2\/media?parent=30"}],"curies":[{"name":"wp","href":"https:\/\/api.w.org\/{rel}","templated":true}]}}