{"id":36,"date":"2018-09-15T20:04:53","date_gmt":"2018-09-15T18:04:53","guid":{"rendered":"http:\/\/3broshostel.com\/?page_id=36"},"modified":"2019-04-03T22:24:23","modified_gmt":"2019-04-03T20:24:23","slug":"odbiow-z-lotniska","status":"publish","type":"page","link":"https:\/\/3broshostel.com\/en\/shuttle\/odbiow-z-lotniska\/","title":{"rendered":"BUS Transfery"},"content":{"rendered":"<p>Do dyspozycji naszych go\u015bci mamy naszego \u2018Bros Busa\u2019, w kt\u00f3rym zmie\u015bci si\u0119 jednorazowo 9 os\u00f3b. Poni\u017cej oszacowali\u015bmy najbardziej popularne kursy, natomiast transfer ch\u0119tnie dogadamy indywidualne. Prosimy o zapytania z minimalnie 24-godzinnym wyprzedzeniem.<\/p>\n<p>&nbsp;<\/p>\n<p>WYJAZD NARTY<\/p>\n<p>TRANSFERY NA\/Z LOTNISKA<\/p>\n<p>TRANSFER DO\/Z O\u015aWI\u0118CIMIA<\/p>\n<p>ODBI\u00d3R GO\u015aCI z WYDARZE\u0143<\/p>","protected":false},"excerpt":{"rendered":"<p>Do dyspozycji naszych go\u015bci mamy naszego \u2018Bros Busa\u2019, w kt\u00f3rym zmie\u015bci si\u0119 jednorazowo 9 os\u00f3b. Poni\u017cej oszacowali\u015bmy najbardziej popularne kursy, natomiast transfer ch\u0119tnie dogadamy indywidualne. Prosimy o zapytania z minimalnie 24-godzinnym wyprzedzeniem. &nbsp; WYJAZD NARTY TRANSFERY NA\/Z LOTNISKA TRANSFER DO\/Z O\u015aWI\u0118CIMIA ODBI\u00d3R GO\u015aCI z WYDARZE\u0143<\/p>\n","protected":false},"author":1,"featured_media":0,"parent":34,"menu_order":0,"comment_status":"closed","ping_status":"closed","template":"","meta":{"_acf_changed":false,"footnotes":""},"class_list":["post-36","page","type-page","status-publish","hentry"],"acf":[],"yoast_head":"<!-- This site is optimized with the Yoast SEO plugin v25.6 - https:\/\/yoast.com\/wordpress\/plugins\/seo\/ -->\n<title>BUS Transfery | 3 Bros&#039; Hostel<\/title>\n<meta name=\"robots\" content=\"index, follow, max-snippet:-1, max-image-preview:large, max-video-preview:-1\" \/>\n<link rel=\"canonical\" href=\"https:\/\/3broshostel.com\/shuttle\/odbiow-z-lotniska\/\" \/>\n<meta property=\"og:locale\" content=\"en_US\" \/>\n<meta property=\"og:type\" content=\"article\" \/>\n<meta property=\"og:title\" content=\"BUS Transfery | 3 Bros&#039; Hostel\" \/>\n<meta property=\"og:description\" content=\"Do dyspozycji naszych go\u015bci mamy naszego \u2018Bros Busa\u2019, w kt\u00f3rym zmie\u015bci si\u0119 jednorazowo 9 os\u00f3b. Poni\u017cej oszacowali\u015bmy najbardziej popularne kursy, natomiast transfer ch\u0119tnie dogadamy indywidualne. Prosimy o zapytania z minimalnie 24-godzinnym wyprzedzeniem. &nbsp; WYJAZD NARTY TRANSFERY NA\/Z LOTNISKA TRANSFER DO\/Z O\u015aWI\u0118CIMIA ODBI\u00d3R GO\u015aCI z WYDARZE\u0143\" \/>\n<meta property=\"og:url\" content=\"https:\/\/3broshostel.com\/shuttle\/odbiow-z-lotniska\/\" \/>\n<meta property=\"og:site_name\" content=\"3 Bros&#039; Hostel\" \/>\n<meta property=\"article:publisher\" content=\"https:\/\/www.facebook.com\/hostel.cieszyn\/\" \/>\n<meta property=\"article:modified_time\" content=\"2019-04-03T20:24:23+00:00\" \/>\n<meta name=\"twitter:card\" content=\"summary_large_image\" \/>\n<meta name=\"twitter:site\" content=\"@3BrosHostel\" \/>\n<meta name=\"twitter:label1\" content=\"Est. reading time\" \/>\n\t<meta name=\"twitter:data1\" content=\"1 minute\" \/>\n<script type=\"application\/ld+json\" class=\"yoast-schema-graph\">{\"@context\":\"https:\/\/schema.org\",\"@graph\":[{\"@type\":\"WebPage\",\"@id\":\"https:\/\/3broshostel.com\/shuttle\/odbiow-z-lotniska\/\",\"url\":\"https:\/\/3broshostel.com\/shuttle\/odbiow-z-lotniska\/\",\"name\":\"BUS Transfery | 3 Bros&#039; Hostel\",\"isPartOf\":{\"@id\":\"https:\/\/3broshostel.com\/#website\"},\"datePublished\":\"2018-09-15T18:04:53+00:00\",\"dateModified\":\"2019-04-03T20:24:23+00:00\",\"breadcrumb\":{\"@id\":\"https:\/\/3broshostel.com\/shuttle\/odbiow-z-lotniska\/#breadcrumb\"},\"inLanguage\":\"en-US\",\"potentialAction\":[{\"@type\":\"ReadAction\",\"target\":[\"https:\/\/3broshostel.com\/shuttle\/odbiow-z-lotniska\/\"]}]},{\"@type\":\"BreadcrumbList\",\"@id\":\"https:\/\/3broshostel.com\/shuttle\/odbiow-z-lotniska\/#breadcrumb\",\"itemListElement\":[{\"@type\":\"ListItem\",\"position\":1,\"name\":\"Strona g\u0142\u00f3wna\",\"item\":\"https:\/\/3broshostel.com\/\"},{\"@type\":\"ListItem\",\"position\":2,\"name\":\"Shuttle\",\"item\":\"https:\/\/3broshostel.com\/shuttle\/\"},{\"@type\":\"ListItem\",\"position\":3,\"name\":\"BUS Transfery\"}]},{\"@type\":\"WebSite\",\"@id\":\"https:\/\/3broshostel.com\/#website\",\"url\":\"https:\/\/3broshostel.com\/\",\"name\":\"3 Bros' Hostel Cieszyn\/ \u010cesk\u00fd T\u011b\u0161\u00edn\",\"description\":\"Cieszyn \/ \u010cesk\u00fd T\u011b\u0161\u00edn - Accomodation for backpackers\",\"publisher\":{\"@id\":\"https:\/\/3broshostel.com\/#organization\"},\"potentialAction\":[{\"@type\":\"SearchAction\",\"target\":{\"@type\":\"EntryPoint\",\"urlTemplate\":\"https:\/\/3broshostel.com\/?s={search_term_string}\"},\"query-input\":{\"@type\":\"PropertyValueSpecification\",\"valueRequired\":true,\"valueName\":\"search_term_string\"}}],\"inLanguage\":\"en-US\"},{\"@type\":\"Organization\",\"@id\":\"https:\/\/3broshostel.com\/#organization\",\"name\":\"3 Bros' Hostel Cieszyn\/ \u010cesk\u00fd T\u011b\u0161\u00edn\",\"url\":\"https:\/\/3broshostel.com\/\",\"logo\":{\"@type\":\"ImageObject\",\"inLanguage\":\"en-US\",\"@id\":\"https:\/\/3broshostel.com\/#\/schema\/logo\/image\/\",\"url\":\"https:\/\/3broshostel.com\/wp-content\/uploads\/2019\/03\/hostel_logo_new2019.png\",\"contentUrl\":\"https:\/\/3broshostel.com\/wp-content\/uploads\/2019\/03\/hostel_logo_new2019.png\",\"width\":1734,\"height\":435,\"caption\":\"3 Bros' Hostel Cieszyn\/ \u010cesk\u00fd T\u011b\u0161\u00edn\"},\"image\":{\"@id\":\"https:\/\/3broshostel.com\/#\/schema\/logo\/image\/\"},\"sameAs\":[\"https:\/\/www.facebook.com\/hostel.cieszyn\/\",\"https:\/\/x.com\/3BrosHostel\",\"https:\/\/www.instagram.com\/3bros_hostel_cieszyn\/\",\"https:\/\/www.youtube.com\/watch?v=oGFvBgvd0d4\"]}]}<\/script>\n<!-- \/ Yoast SEO plugin. -->","yoast_head_json":{"title":"BUS Transfery | 3 Bros&#039; Hostel","robots":{"index":"index","follow":"follow","max-snippet":"max-snippet:-1","max-image-preview":"max-image-preview:large","max-video-preview":"max-video-preview:-1"},"canonical":"https:\/\/3broshostel.com\/shuttle\/odbiow-z-lotniska\/","og_locale":"en_US","og_type":"article","og_title":"BUS Transfery | 3 Bros&#039; Hostel","og_description":"Do dyspozycji naszych go\u015bci mamy naszego \u2018Bros Busa\u2019, w kt\u00f3rym zmie\u015bci si\u0119 jednorazowo 9 os\u00f3b. Poni\u017cej oszacowali\u015bmy najbardziej popularne kursy, natomiast transfer ch\u0119tnie dogadamy indywidualne. Prosimy o zapytania z minimalnie 24-godzinnym wyprzedzeniem. &nbsp; WYJAZD NARTY TRANSFERY NA\/Z LOTNISKA TRANSFER DO\/Z O\u015aWI\u0118CIMIA ODBI\u00d3R GO\u015aCI z WYDARZE\u0143","og_url":"https:\/\/3broshostel.com\/shuttle\/odbiow-z-lotniska\/","og_site_name":"3 Bros&#039; Hostel","article_publisher":"https:\/\/www.facebook.com\/hostel.cieszyn\/","article_modified_time":"2019-04-03T20:24:23+00:00","twitter_card":"summary_large_image","twitter_site":"@3BrosHostel","twitter_misc":{"Est. reading time":"1 minute"},"schema":{"@context":"https:\/\/schema.org","@graph":[{"@type":"WebPage","@id":"https:\/\/3broshostel.com\/shuttle\/odbiow-z-lotniska\/","url":"https:\/\/3broshostel.com\/shuttle\/odbiow-z-lotniska\/","name":"BUS Transfery | 3 Bros&#039; Hostel","isPartOf":{"@id":"https:\/\/3broshostel.com\/#website"},"datePublished":"2018-09-15T18:04:53+00:00","dateModified":"2019-04-03T20:24:23+00:00","breadcrumb":{"@id":"https:\/\/3broshostel.com\/shuttle\/odbiow-z-lotniska\/#breadcrumb"},"inLanguage":"en-US","potentialAction":[{"@type":"ReadAction","target":["https:\/\/3broshostel.com\/shuttle\/odbiow-z-lotniska\/"]}]},{"@type":"BreadcrumbList","@id":"https:\/\/3broshostel.com\/shuttle\/odbiow-z-lotniska\/#breadcrumb","itemListElement":[{"@type":"ListItem","position":1,"name":"Strona g\u0142\u00f3wna","item":"https:\/\/3broshostel.com\/"},{"@type":"ListItem","position":2,"name":"Shuttle","item":"https:\/\/3broshostel.com\/shuttle\/"},{"@type":"ListItem","position":3,"name":"BUS Transfery"}]},{"@type":"WebSite","@id":"https:\/\/3broshostel.com\/#website","url":"https:\/\/3broshostel.com\/","name":"3 Bros' Hostel Cieszyn\/ \u010cesk\u00fd T\u011b\u0161\u00edn","description":"Cieszyn \/ \u010cesk\u00fd T\u011b\u0161\u00edn - Accomodation for backpackers","publisher":{"@id":"https:\/\/3broshostel.com\/#organization"},"potentialAction":[{"@type":"SearchAction","target":{"@type":"EntryPoint","urlTemplate":"https:\/\/3broshostel.com\/?s={search_term_string}"},"query-input":{"@type":"PropertyValueSpecification","valueRequired":true,"valueName":"search_term_string"}}],"inLanguage":"en-US"},{"@type":"Organization","@id":"https:\/\/3broshostel.com\/#organization","name":"3 Bros' Hostel Cieszyn\/ \u010cesk\u00fd T\u011b\u0161\u00edn","url":"https:\/\/3broshostel.com\/","logo":{"@type":"ImageObject","inLanguage":"en-US","@id":"https:\/\/3broshostel.com\/#\/schema\/logo\/image\/","url":"https:\/\/3broshostel.com\/wp-content\/uploads\/2019\/03\/hostel_logo_new2019.png","contentUrl":"https:\/\/3broshostel.com\/wp-content\/uploads\/2019\/03\/hostel_logo_new2019.png","width":1734,"height":435,"caption":"3 Bros' Hostel Cieszyn\/ \u010cesk\u00fd T\u011b\u0161\u00edn"},"image":{"@id":"https:\/\/3broshostel.com\/#\/schema\/logo\/image\/"},"sameAs":["https:\/\/www.facebook.com\/hostel.cieszyn\/","https:\/\/x.com\/3BrosHostel","https:\/\/www.instagram.com\/3bros_hostel_cieszyn\/","https:\/\/www.youtube.com\/watch?v=oGFvBgvd0d4"]}]}},"_links":{"self":[{"href":"https:\/\/3broshostel.com\/en\/wp-json\/wp\/v2\/pages\/36"}],"collection":[{"href":"https:\/\/3broshostel.com\/en\/wp-json\/wp\/v2\/pages"}],"about":[{"href":"https:\/\/3broshostel.com\/en\/wp-json\/wp\/v2\/types\/page"}],"author":[{"embeddable":true,"href":"https:\/\/3broshostel.com\/en\/wp-json\/wp\/v2\/users\/1"}],"replies":[{"embeddable":true,"href":"https:\/\/3broshostel.com\/en\/wp-json\/wp\/v2\/comments?post=36"}],"version-history":[{"count":2,"href":"https:\/\/3broshostel.com\/en\/wp-json\/wp\/v2\/pages\/36\/revisions"}],"predecessor-version":[{"id":910,"href":"https:\/\/3broshostel.com\/en\/wp-json\/wp\/v2\/pages\/36\/revisions\/910"}],"up":[{"embeddable":true,"href":"https:\/\/3broshostel.com\/en\/wp-json\/wp\/v2\/pages\/34"}],"wp:attachment":[{"href":"https:\/\/3broshostel.com\/en\/wp-json\/wp\/v2\/media?parent=36"}],"curies":[{"name":"wp","href":"https:\/\/api.w.org\/{rel}","templated":true}]}}