{"id":53,"date":"2018-09-15T20:39:21","date_gmt":"2018-09-15T18:39:21","guid":{"rendered":"http:\/\/3broshostel.com\/?page_id=53"},"modified":"2018-09-15T20:39:21","modified_gmt":"2018-09-15T18:39:21","slug":"jak-dojechac","status":"publish","type":"page","link":"https:\/\/3broshostel.com\/en\/jak-dojechac\/","title":{"rendered":"Jak dojechac?"},"content":{"rendered":"<p>Cieszyn is a beautiful town located directly on the Polish\/Czech border.It is\u00a0divided into\u00a0two parts by the\u00a0Olza River: Cieszyn (Polish)\u00a0and\u00a0\u010cesk\u00fd T\u011b\u0161\u00edn (Czech).On both local bridges there were once terrifying frontier posts full of scary-looking gentlemen in uniforms. Nowadays, both Poland and Czech Republic are members of the Schengen Agreement and travelling around both parts of the town is not a problem whatsoever.<\/p>\n<div class=\"wysiwyg-text-align-center\">\n<p><img fetchpriority=\"high\" decoding=\"async\" class=\"size-full wp-image-552 alignright\" src=\"http:\/\/3broshostel.com\/wp-content\/uploads\/2019\/02\/map_sitepng.png\" alt=\"\" width=\"352\" height=\"277\" \/><img decoding=\"async\" src=\"https:\/\/dl.dropbox.com\/u\/13877642\/3Bros%27Hostel\/map_sitepng.png\" alt=\"\" \/><\/p>\n<\/div>\n<p>Cieszyn is a place full of different attractions<\/p>\n<p>\u2013 \u00a0\u00a0\u00a0\u00a0\u00a0\u00a0\u00a0lovely old town with museums, bars, pubs, and cafeterias,<\/p>\n<p>\u2013 \u00a0\u00a0\u00a0\u00a0\u00a0\u00a0\u00a0hilly area perfect for skiers, snowboarders and simply hikers<\/p>\n<p>\u2013 \u00a0\u00a0\u00a0\u00a0\u00a0\u00a0\u00a0famous local brewery with the most popular lager \u2013 BRACKIE<\/p>\n<p>\u2013 \u00a0\u00a0\u00a0\u00a0\u00a0\u00a0\u00a0czech side with very local czech and silesian bars (czech beer and food!)<\/p>\n<p>\u2013 \u00a0\u00a0\u00a0\u00a0\u00a0\u00a0\u00a0lot of annual cultural events.<\/p>\n<p>Cieszyn became a popular transit place for all backpackers travelling\u00a0<a href=\"https:\/\/3broshostel.com\/en\/how-to-get-from-krakow-to-prague\" target=\"_blank\" rel=\"nofollow noopener\">from Krakow to Prague<\/a><a href=\"https:\/\/3broshostel.com\/en\/how-to-get-from-krakow-to-prague\" target=\"_blank\" rel=\"nofollow noopener\">\u00a0<\/a>(or\u00a0<a href=\"https:\/\/3broshostel.com\/en\/how-to-get-to-krakow-from-prague\" target=\"_blank\" rel=\"nofollow noopener\">Prague to Krakow<\/a>).<\/p>\n<p>All the ones, who wants to save a lot of\u00a0money\u00a0on travel catching buses to Krakow (from the Cieszyn bus station), or trains to Prague (from the Czech train station).<\/p>\n<p>&gt;&gt;\u00a0<a href=\"https:\/\/3broshostel.com\/en\/how-to-get-from-krakow-to-prague\" target=\"_blank\" rel=\"nofollow noopener\">HOW TO GET\u00a0<\/a><b><a href=\"https:\/\/3broshostel.com\/en\/how-to-get-from-krakow-to-prague\" target=\"_blank\" rel=\"nofollow noopener\">TO PRAGUE FROM KRAKOW<\/a><\/b><a href=\"https:\/\/3broshostel.com\/en\/how-to-get-from-krakow-to-prague\" target=\"_blank\" rel=\"nofollow noopener\">?<\/a><a href=\"https:\/\/3broshostel.com\/en\/how-to-get-from-krakow-to-prague\" target=\"_blank\" rel=\"nofollow noopener\">\u00a0(throug\u00a0<\/a><b><a href=\"https:\/\/3broshostel.com\/en\/how-to-get-from-krakow-to-prague\" target=\"_blank\" rel=\"nofollow noopener\">Cieszyn<\/a><\/b><a href=\"https:\/\/3broshostel.com\/en\/how-to-get-from-krakow-to-prague\" target=\"_blank\" rel=\"nofollow noopener\">)<\/a><\/p>\n<div>\n<p>&gt;&gt;\u00a0<a href=\"https:\/\/3broshostel.com\/en\/how-to-get-to-krakow-from-prague\" target=\"_blank\" rel=\"nofollow noopener\">HOW TO GET\u00a0<b>TO KRAKOW FROM PRAGUE<\/b>? (throug\u00a0<b>Cieszyn<\/b>)<\/a><\/p>\n<\/div>\n<div><\/div>\n<p class=\"wysiwyg-text-align-center\"><b><img decoding=\"async\" src=\"https:\/\/dl.dropbox.com\/u\/13877642\/balagan\/trainico.png\" alt=\"\" \/>\u00a0TRAINS FROM PRAGUE TO CZECH CIESZYN (CESKY TESIN)\u00a0<img decoding=\"async\" src=\"https:\/\/dl.dropbox.com\/u\/13877642\/balagan\/trainico.png\" alt=\"\" \/><\/b><\/p>\n<p>Czech National Train<\/p>\n<p class=\"wysiwyg-text-align-center\"><b><img decoding=\"async\" src=\"https:\/\/dl.dropbox.com\/u\/13877642\/balagan\/trainico.png\" alt=\"\" \/>\u00a0TRAINS FROM CZECH CIESZYN (CESKY TESIN) TO PRAGUE\u00a0<img decoding=\"async\" src=\"https:\/\/dl.dropbox.com\/u\/13877642\/balagan\/trainico.png\" alt=\"\" \/><\/b><\/p>\n<p class=\"wysiwyg-text-align-center\"><b><img decoding=\"async\" src=\"https:\/\/dl.dropbox.com\/u\/13877642\/balagan\/busico.png\" alt=\"\" \/>\u00a0BUSES FROM KRAKOW TO CIESZYN\u00a0<img decoding=\"async\" src=\"https:\/\/dl.dropbox.com\/u\/13877642\/balagan\/busico.png\" alt=\"\" \/><\/b><\/p>\n<p class=\"wysiwyg-text-align-center\"><b><img decoding=\"async\" src=\"https:\/\/dl.dropbox.com\/u\/13877642\/balagan\/busico.png\" alt=\"\" \/>\u00a0BUSES FROM CIESZYN TO KRAKOW<\/b><\/p>\n<p><img decoding=\"async\" src=\"https:\/\/dl.dropbox.com\/u\/13877642\/balagan\/busico.png\" alt=\"\" \/>\u00a0BUSES FROM\u00a0CIESZYN TO KATOWICE\u00a0<img decoding=\"async\" src=\"https:\/\/dl.dropbox.com\/u\/13877642\/balagan\/busico.png\" alt=\"\" \/><\/p>\n<p class=\"wysiwyg-text-align-center\"><b><img decoding=\"async\" src=\"https:\/\/dl.dropbox.com\/u\/13877642\/balagan\/busico.png\" alt=\"\" \/>\u00a0BUSES FROM\u00a0KATOWICE TO CIESZYN\u00a0<img decoding=\"async\" src=\"https:\/\/dl.dropbox.com\/u\/13877642\/balagan\/busico.png\" alt=\"\" \/><img decoding=\"async\" src=\"https:\/\/dl.dropbox.com\/u\/13877642\/balagan\/busico.png\" alt=\"\" \/><\/b><\/p>\n<p><\/p>","protected":false},"excerpt":{"rendered":"<p>Cieszyn is a beautiful town located directly on the Polish\/Czech border.It is\u00a0divided into\u00a0two parts by the\u00a0Olza River: Cieszyn (Polish)\u00a0and\u00a0\u010cesk\u00fd T\u011b\u0161\u00edn (Czech).On both local bridges there were once terrifying frontier posts full of scary-looking gentlemen in uniforms. Nowadays, both Poland and Czech Republic are members of the Schengen Agreement and travelling around both parts of the [&hellip;]<\/p>\n","protected":false},"author":1,"featured_media":0,"parent":0,"menu_order":0,"comment_status":"closed","ping_status":"closed","template":"","meta":{"_acf_changed":false,"footnotes":""},"class_list":["post-53","page","type-page","status-publish","hentry"],"acf":[],"yoast_head":"<!-- This site is optimized with the Yoast SEO plugin v25.6 - https:\/\/yoast.com\/wordpress\/plugins\/seo\/ -->\n<title>Jak dojechac? | 3 Bros&#039; Hostel<\/title>\n<meta name=\"robots\" content=\"index, follow, max-snippet:-1, max-image-preview:large, max-video-preview:-1\" \/>\n<link rel=\"canonical\" href=\"https:\/\/3broshostel.com\/jak-dojechac\/\" \/>\n<meta property=\"og:locale\" content=\"en_US\" \/>\n<meta property=\"og:type\" content=\"article\" \/>\n<meta property=\"og:title\" content=\"Jak dojechac? | 3 Bros&#039; Hostel\" \/>\n<meta property=\"og:description\" content=\"Cieszyn is a beautiful town located directly on the Polish\/Czech border.It is\u00a0divided into\u00a0two parts by the\u00a0Olza River: Cieszyn (Polish)\u00a0and\u00a0\u010cesk\u00fd T\u011b\u0161\u00edn (Czech).On both local bridges there were once terrifying frontier posts full of scary-looking gentlemen in uniforms. Nowadays, both Poland and Czech Republic are members of the Schengen Agreement and travelling around both parts of the [&hellip;]\" \/>\n<meta property=\"og:url\" content=\"https:\/\/3broshostel.com\/jak-dojechac\/\" \/>\n<meta property=\"og:site_name\" content=\"3 Bros&#039; Hostel\" \/>\n<meta property=\"article:publisher\" content=\"https:\/\/www.facebook.com\/hostel.cieszyn\/\" \/>\n<meta property=\"og:image\" content=\"http:\/\/3broshostel.com\/wp-content\/uploads\/2019\/02\/map_sitepng.png\" \/>\n<meta name=\"twitter:card\" content=\"summary_large_image\" \/>\n<meta name=\"twitter:site\" content=\"@3BrosHostel\" \/>\n<meta name=\"twitter:label1\" content=\"Est. reading time\" \/>\n\t<meta name=\"twitter:data1\" content=\"2 minutes\" \/>\n<script type=\"application\/ld+json\" class=\"yoast-schema-graph\">{\"@context\":\"https:\/\/schema.org\",\"@graph\":[{\"@type\":\"WebPage\",\"@id\":\"https:\/\/3broshostel.com\/jak-dojechac\/\",\"url\":\"https:\/\/3broshostel.com\/jak-dojechac\/\",\"name\":\"Jak dojechac? | 3 Bros&#039; Hostel\",\"isPartOf\":{\"@id\":\"https:\/\/3broshostel.com\/#website\"},\"primaryImageOfPage\":{\"@id\":\"https:\/\/3broshostel.com\/jak-dojechac\/#primaryimage\"},\"image\":{\"@id\":\"https:\/\/3broshostel.com\/jak-dojechac\/#primaryimage\"},\"thumbnailUrl\":\"http:\/\/3broshostel.com\/wp-content\/uploads\/2019\/02\/map_sitepng.png\",\"datePublished\":\"2018-09-15T18:39:21+00:00\",\"breadcrumb\":{\"@id\":\"https:\/\/3broshostel.com\/jak-dojechac\/#breadcrumb\"},\"inLanguage\":\"en-US\",\"potentialAction\":[{\"@type\":\"ReadAction\",\"target\":[\"https:\/\/3broshostel.com\/jak-dojechac\/\"]}]},{\"@type\":\"ImageObject\",\"inLanguage\":\"en-US\",\"@id\":\"https:\/\/3broshostel.com\/jak-dojechac\/#primaryimage\",\"url\":\"http:\/\/3broshostel.com\/wp-content\/uploads\/2019\/02\/map_sitepng.png\",\"contentUrl\":\"http:\/\/3broshostel.com\/wp-content\/uploads\/2019\/02\/map_sitepng.png\"},{\"@type\":\"BreadcrumbList\",\"@id\":\"https:\/\/3broshostel.com\/jak-dojechac\/#breadcrumb\",\"itemListElement\":[{\"@type\":\"ListItem\",\"position\":1,\"name\":\"Strona g\u0142\u00f3wna\",\"item\":\"https:\/\/3broshostel.com\/\"},{\"@type\":\"ListItem\",\"position\":2,\"name\":\"Jak dojechac?\"}]},{\"@type\":\"WebSite\",\"@id\":\"https:\/\/3broshostel.com\/#website\",\"url\":\"https:\/\/3broshostel.com\/\",\"name\":\"3 Bros' Hostel Cieszyn\/ \u010cesk\u00fd T\u011b\u0161\u00edn\",\"description\":\"Cieszyn \/ \u010cesk\u00fd T\u011b\u0161\u00edn - Accomodation for backpackers\",\"publisher\":{\"@id\":\"https:\/\/3broshostel.com\/#organization\"},\"potentialAction\":[{\"@type\":\"SearchAction\",\"target\":{\"@type\":\"EntryPoint\",\"urlTemplate\":\"https:\/\/3broshostel.com\/?s={search_term_string}\"},\"query-input\":{\"@type\":\"PropertyValueSpecification\",\"valueRequired\":true,\"valueName\":\"search_term_string\"}}],\"inLanguage\":\"en-US\"},{\"@type\":\"Organization\",\"@id\":\"https:\/\/3broshostel.com\/#organization\",\"name\":\"3 Bros' Hostel Cieszyn\/ \u010cesk\u00fd T\u011b\u0161\u00edn\",\"url\":\"https:\/\/3broshostel.com\/\",\"logo\":{\"@type\":\"ImageObject\",\"inLanguage\":\"en-US\",\"@id\":\"https:\/\/3broshostel.com\/#\/schema\/logo\/image\/\",\"url\":\"https:\/\/3broshostel.com\/wp-content\/uploads\/2019\/03\/hostel_logo_new2019.png\",\"contentUrl\":\"https:\/\/3broshostel.com\/wp-content\/uploads\/2019\/03\/hostel_logo_new2019.png\",\"width\":1734,\"height\":435,\"caption\":\"3 Bros' Hostel Cieszyn\/ \u010cesk\u00fd T\u011b\u0161\u00edn\"},\"image\":{\"@id\":\"https:\/\/3broshostel.com\/#\/schema\/logo\/image\/\"},\"sameAs\":[\"https:\/\/www.facebook.com\/hostel.cieszyn\/\",\"https:\/\/x.com\/3BrosHostel\",\"https:\/\/www.instagram.com\/3bros_hostel_cieszyn\/\",\"https:\/\/www.youtube.com\/watch?v=oGFvBgvd0d4\"]}]}<\/script>\n<!-- \/ Yoast SEO plugin. -->","yoast_head_json":{"title":"Jak dojechac? | 3 Bros&#039; Hostel","robots":{"index":"index","follow":"follow","max-snippet":"max-snippet:-1","max-image-preview":"max-image-preview:large","max-video-preview":"max-video-preview:-1"},"canonical":"https:\/\/3broshostel.com\/jak-dojechac\/","og_locale":"en_US","og_type":"article","og_title":"Jak dojechac? | 3 Bros&#039; Hostel","og_description":"Cieszyn is a beautiful town located directly on the Polish\/Czech border.It is\u00a0divided into\u00a0two parts by the\u00a0Olza River: Cieszyn (Polish)\u00a0and\u00a0\u010cesk\u00fd T\u011b\u0161\u00edn (Czech).On both local bridges there were once terrifying frontier posts full of scary-looking gentlemen in uniforms. Nowadays, both Poland and Czech Republic are members of the Schengen Agreement and travelling around both parts of the [&hellip;]","og_url":"https:\/\/3broshostel.com\/jak-dojechac\/","og_site_name":"3 Bros&#039; Hostel","article_publisher":"https:\/\/www.facebook.com\/hostel.cieszyn\/","og_image":[{"url":"http:\/\/3broshostel.com\/wp-content\/uploads\/2019\/02\/map_sitepng.png","type":"","width":"","height":""}],"twitter_card":"summary_large_image","twitter_site":"@3BrosHostel","twitter_misc":{"Est. reading time":"2 minutes"},"schema":{"@context":"https:\/\/schema.org","@graph":[{"@type":"WebPage","@id":"https:\/\/3broshostel.com\/jak-dojechac\/","url":"https:\/\/3broshostel.com\/jak-dojechac\/","name":"Jak dojechac? | 3 Bros&#039; Hostel","isPartOf":{"@id":"https:\/\/3broshostel.com\/#website"},"primaryImageOfPage":{"@id":"https:\/\/3broshostel.com\/jak-dojechac\/#primaryimage"},"image":{"@id":"https:\/\/3broshostel.com\/jak-dojechac\/#primaryimage"},"thumbnailUrl":"http:\/\/3broshostel.com\/wp-content\/uploads\/2019\/02\/map_sitepng.png","datePublished":"2018-09-15T18:39:21+00:00","breadcrumb":{"@id":"https:\/\/3broshostel.com\/jak-dojechac\/#breadcrumb"},"inLanguage":"en-US","potentialAction":[{"@type":"ReadAction","target":["https:\/\/3broshostel.com\/jak-dojechac\/"]}]},{"@type":"ImageObject","inLanguage":"en-US","@id":"https:\/\/3broshostel.com\/jak-dojechac\/#primaryimage","url":"http:\/\/3broshostel.com\/wp-content\/uploads\/2019\/02\/map_sitepng.png","contentUrl":"http:\/\/3broshostel.com\/wp-content\/uploads\/2019\/02\/map_sitepng.png"},{"@type":"BreadcrumbList","@id":"https:\/\/3broshostel.com\/jak-dojechac\/#breadcrumb","itemListElement":[{"@type":"ListItem","position":1,"name":"Strona g\u0142\u00f3wna","item":"https:\/\/3broshostel.com\/"},{"@type":"ListItem","position":2,"name":"Jak dojechac?"}]},{"@type":"WebSite","@id":"https:\/\/3broshostel.com\/#website","url":"https:\/\/3broshostel.com\/","name":"3 Bros' Hostel Cieszyn\/ \u010cesk\u00fd T\u011b\u0161\u00edn","description":"Cieszyn \/ \u010cesk\u00fd T\u011b\u0161\u00edn - Accomodation for backpackers","publisher":{"@id":"https:\/\/3broshostel.com\/#organization"},"potentialAction":[{"@type":"SearchAction","target":{"@type":"EntryPoint","urlTemplate":"https:\/\/3broshostel.com\/?s={search_term_string}"},"query-input":{"@type":"PropertyValueSpecification","valueRequired":true,"valueName":"search_term_string"}}],"inLanguage":"en-US"},{"@type":"Organization","@id":"https:\/\/3broshostel.com\/#organization","name":"3 Bros' Hostel Cieszyn\/ \u010cesk\u00fd T\u011b\u0161\u00edn","url":"https:\/\/3broshostel.com\/","logo":{"@type":"ImageObject","inLanguage":"en-US","@id":"https:\/\/3broshostel.com\/#\/schema\/logo\/image\/","url":"https:\/\/3broshostel.com\/wp-content\/uploads\/2019\/03\/hostel_logo_new2019.png","contentUrl":"https:\/\/3broshostel.com\/wp-content\/uploads\/2019\/03\/hostel_logo_new2019.png","width":1734,"height":435,"caption":"3 Bros' Hostel Cieszyn\/ \u010cesk\u00fd T\u011b\u0161\u00edn"},"image":{"@id":"https:\/\/3broshostel.com\/#\/schema\/logo\/image\/"},"sameAs":["https:\/\/www.facebook.com\/hostel.cieszyn\/","https:\/\/x.com\/3BrosHostel","https:\/\/www.instagram.com\/3bros_hostel_cieszyn\/","https:\/\/www.youtube.com\/watch?v=oGFvBgvd0d4"]}]}},"_links":{"self":[{"href":"https:\/\/3broshostel.com\/en\/wp-json\/wp\/v2\/pages\/53"}],"collection":[{"href":"https:\/\/3broshostel.com\/en\/wp-json\/wp\/v2\/pages"}],"about":[{"href":"https:\/\/3broshostel.com\/en\/wp-json\/wp\/v2\/types\/page"}],"author":[{"embeddable":true,"href":"https:\/\/3broshostel.com\/en\/wp-json\/wp\/v2\/users\/1"}],"replies":[{"embeddable":true,"href":"https:\/\/3broshostel.com\/en\/wp-json\/wp\/v2\/comments?post=53"}],"version-history":[{"count":0,"href":"https:\/\/3broshostel.com\/en\/wp-json\/wp\/v2\/pages\/53\/revisions"}],"wp:attachment":[{"href":"https:\/\/3broshostel.com\/en\/wp-json\/wp\/v2\/media?parent=53"}],"curies":[{"name":"wp","href":"https:\/\/api.w.org\/{rel}","templated":true}]}}