{"id":55,"date":"2018-09-15T20:40:47","date_gmt":"2018-09-15T18:40:47","guid":{"rendered":"http:\/\/3broshostel.com\/?page_id=55"},"modified":"2019-03-01T20:44:16","modified_gmt":"2019-03-01T19:44:16","slug":"jak-dojsc","status":"publish","type":"page","link":"https:\/\/3broshostel.com\/en\/jak-dojsc\/","title":{"rendered":"Jak doj\u015b\u0107?"},"content":{"rendered":"<p><div class=\"row justify-content-center align-self-center\"><br \/>\n<div class=\"col-24 col-md-12\"><div class=\"innercontent\"><\/p>\n<h3><strong><b>Directions for Cieszyn bus station arrivals<\/b> (<a href=\"https:\/\/maps.google.com\/maps\/ms?msid=210333948302136426140.0004d4d5081052e770649&amp;msa=0&amp;ll=49.752201,18.638885&amp;spn=0.007375,0.021136\" target=\"_blank\" rel=\"nofollow noopener noreferrer\">map<\/a>)<\/strong><\/h3>\n<p>&nbsp;<\/p>\n<p><iframe style=\"border: none; overflow: hidden;\" src=\"https:\/\/www.facebook.com\/plugins\/video.php?href=https%3A%2F%2Fwww.facebook.com%2Fhostel.cieszyn%2Fvideos%2F319651958628052%2F&amp;show_text=0&amp;width=560\" width=\"100%\" height=\"450\" frameborder=\"0\" scrolling=\"no\" allowfullscreen=\"allowfullscreen\"><\/iframe><\/p>\n<p>Once you arrive at the bus station in Cieszyn you are less than 10 min. of relaxed walk away from the Bros\u2019 hostel. Alternatively you can take a taxi which is right in front of you on the same Hajduka street. If you, however, decide to walk the ravishing streets of Cieszyn (recommended!), please follow these directions:<\/p>\n<ol style=\"text-align: left;\">\n<li>Go up the hill a little bit along the main road to the first traffic lights, then turn right (approx. 130m);<\/li>\n<li>You are on Korfantego street. Keep walking straight until the road starts going down and turns a bit to the right; Walk for another 110m;<\/li>\n<li>When you see a church and a park on your right you can turn left, safely cross the road and follow Jana Matejki street for 120m to get to the main town square;<\/li>\n<li>After you shake off amazement of the stunning town square, turn right immediately and after no more than 130m you will find a green building on your right \u2013 congratulations! You have arrived to the famous Bros\u2019 hostel.<\/li>\n<\/ol>\n<h5><strong>Time: 9 min<\/strong>.<br \/>\n<strong>Taxi price from the bus station to the hostel: 20 PLN<\/strong><\/h5>\n<p><\/div><\/div><br \/>\n<div class=\"col-24 col-md-12\"><div class=\"innercontent\"><\/p>\n<h3><strong>Directions for\u00a0\u010cesk\u00fd T\u011b\u0161\u00edn\u00a0train station arrivals (<a href=\"https:\/\/maps.google.com\/maps\/ms?msid=210333948302136426140.0004d4d5940fa13b87cd6&amp;msa=0&amp;ll=49.751272,18.628972&amp;spn=0.008027,0.021136\" target=\"_blank\" rel=\"nofollow noopener noreferrer\">map<\/a>):<\/strong><\/h3>\n<p>&nbsp;<\/p>\n<p><iframe style=\"border: none; overflow: hidden;\" src=\"https:\/\/www.facebook.com\/plugins\/video.php?href=https%3A%2F%2Fwww.facebook.com%2Fhostel.cieszyn%2Fvideos%2F2512154382133960%2F&amp;show_text=0&amp;width=560\" width=\"100%\" height=\"450\" frameborder=\"0\" scrolling=\"no\" allowfullscreen=\"allowfullscreen\"><\/iframe><\/p>\n<p>After you have arrived to \u010cesk\u00fd T\u011b\u0161\u00edn by train, you are only 15 min. walk from the Bros\u2019 Hostel. Alternatively, if you choose to get there with a taxi, you will be able to easily catch one from outside of the train station.\u00a0If you, however, decide to walk the ravishing streets of Cieszyn (recommended!), please follow these directions:<\/p>\n<ol>\n<li>Leaving the building head left and along the main road. Following N\u00e1dra\u017en\u00ed street you will get to a right turn, which would be a wise idea to choose to then follow Hlavn\u00ed t\u0159\u00edda street;<\/li>\n<li>On Hlavn\u00ed t\u0159\u00edda you are about to go past the coolest of traditional Czech pubs (better not to forget them!) until you reach a bridge over the Olza River \u2013 the border. Now, spend a while looking into the waters, pondering the vastness of the Universe.<\/li>\n<li>Crossing the border you leave Czech Republic to begin your visit in the Polish part of the town.<\/li>\n<li>Next, take the second turn right to the stony G\u0142\u0119boka street and walk up the hill till you get to the second left turn &#8211; Stary Targ street. Find the other end of this street and head right \u2013 right into the Mennicza street. The famous Bros\u2019 Hostel is the beautiful green building 30 m further on your left.\u00a0The main entrance is on Bo\u017cnicza street (turn left).<\/li>\n<\/ol>\n<h5><strong>Time: 15 min.<\/strong><br \/>\n<strong>Taxi price from the bus station to the hostel: 200 CZ<\/strong><\/h5>\n<p><\/div><\/div><\/p>\n<p><\/div><\/p>","protected":false},"excerpt":{"rendered":"","protected":false},"author":1,"featured_media":156,"parent":0,"menu_order":0,"comment_status":"closed","ping_status":"closed","template":"","meta":{"_acf_changed":false,"footnotes":""},"class_list":["post-55","page","type-page","status-publish","has-post-thumbnail","hentry"],"acf":[],"yoast_head":"<!-- This site is optimized with the Yoast SEO plugin v25.6 - https:\/\/yoast.com\/wordpress\/plugins\/seo\/ -->\n<title>Jak doj\u015b\u0107? | 3 Bros&#039; Hostel<\/title>\n<meta name=\"robots\" content=\"index, follow, max-snippet:-1, max-image-preview:large, max-video-preview:-1\" \/>\n<link rel=\"canonical\" href=\"https:\/\/3broshostel.com\/en\/jak-dojsc\/\" \/>\n<meta property=\"og:locale\" content=\"en_US\" \/>\n<meta property=\"og:type\" content=\"article\" \/>\n<meta property=\"og:title\" content=\"Jak doj\u015b\u0107? | 3 Bros&#039; Hostel\" \/>\n<meta property=\"og:url\" content=\"https:\/\/3broshostel.com\/en\/jak-dojsc\/\" \/>\n<meta property=\"og:site_name\" content=\"3 Bros&#039; Hostel\" \/>\n<meta property=\"article:publisher\" content=\"https:\/\/www.facebook.com\/hostel.cieszyn\/\" \/>\n<meta property=\"article:modified_time\" content=\"2019-03-01T19:44:16+00:00\" \/>\n<meta name=\"twitter:card\" content=\"summary_large_image\" \/>\n<meta name=\"twitter:site\" content=\"@3BrosHostel\" \/>\n<meta name=\"twitter:label1\" content=\"Est. reading time\" \/>\n\t<meta name=\"twitter:data1\" content=\"5 minutes\" \/>\n<script type=\"application\/ld+json\" class=\"yoast-schema-graph\">{\"@context\":\"https:\/\/schema.org\",\"@graph\":[{\"@type\":\"WebPage\",\"@id\":\"https:\/\/3broshostel.com\/en\/jak-dojsc\/\",\"url\":\"https:\/\/3broshostel.com\/en\/jak-dojsc\/\",\"name\":\"Jak doj\u015b\u0107? | 3 Bros&#039; Hostel\",\"isPartOf\":{\"@id\":\"https:\/\/3broshostel.com\/#website\"},\"primaryImageOfPage\":{\"@id\":\"https:\/\/3broshostel.com\/en\/jak-dojsc\/#primaryimage\"},\"image\":{\"@id\":\"https:\/\/3broshostel.com\/en\/jak-dojsc\/#primaryimage\"},\"thumbnailUrl\":\"\",\"datePublished\":\"2018-09-15T18:40:47+00:00\",\"dateModified\":\"2019-03-01T19:44:16+00:00\",\"breadcrumb\":{\"@id\":\"https:\/\/3broshostel.com\/en\/jak-dojsc\/#breadcrumb\"},\"inLanguage\":\"en-US\",\"potentialAction\":[{\"@type\":\"ReadAction\",\"target\":[\"https:\/\/3broshostel.com\/en\/jak-dojsc\/\"]}]},{\"@type\":\"ImageObject\",\"inLanguage\":\"en-US\",\"@id\":\"https:\/\/3broshostel.com\/en\/jak-dojsc\/#primaryimage\",\"url\":\"\",\"contentUrl\":\"\"},{\"@type\":\"BreadcrumbList\",\"@id\":\"https:\/\/3broshostel.com\/en\/jak-dojsc\/#breadcrumb\",\"itemListElement\":[{\"@type\":\"ListItem\",\"position\":1,\"name\":\"Strona g\u0142\u00f3wna\",\"item\":\"https:\/\/3broshostel.com\/\"},{\"@type\":\"ListItem\",\"position\":2,\"name\":\"Jak doj\u015b\u0107?\"}]},{\"@type\":\"WebSite\",\"@id\":\"https:\/\/3broshostel.com\/#website\",\"url\":\"https:\/\/3broshostel.com\/\",\"name\":\"3 Bros' Hostel Cieszyn\/ \u010cesk\u00fd T\u011b\u0161\u00edn\",\"description\":\"Cieszyn \/ \u010cesk\u00fd T\u011b\u0161\u00edn - Accomodation for backpackers\",\"publisher\":{\"@id\":\"https:\/\/3broshostel.com\/#organization\"},\"potentialAction\":[{\"@type\":\"SearchAction\",\"target\":{\"@type\":\"EntryPoint\",\"urlTemplate\":\"https:\/\/3broshostel.com\/?s={search_term_string}\"},\"query-input\":{\"@type\":\"PropertyValueSpecification\",\"valueRequired\":true,\"valueName\":\"search_term_string\"}}],\"inLanguage\":\"en-US\"},{\"@type\":\"Organization\",\"@id\":\"https:\/\/3broshostel.com\/#organization\",\"name\":\"3 Bros' Hostel Cieszyn\/ \u010cesk\u00fd T\u011b\u0161\u00edn\",\"url\":\"https:\/\/3broshostel.com\/\",\"logo\":{\"@type\":\"ImageObject\",\"inLanguage\":\"en-US\",\"@id\":\"https:\/\/3broshostel.com\/#\/schema\/logo\/image\/\",\"url\":\"https:\/\/3broshostel.com\/wp-content\/uploads\/2019\/03\/hostel_logo_new2019.png\",\"contentUrl\":\"https:\/\/3broshostel.com\/wp-content\/uploads\/2019\/03\/hostel_logo_new2019.png\",\"width\":1734,\"height\":435,\"caption\":\"3 Bros' Hostel Cieszyn\/ \u010cesk\u00fd T\u011b\u0161\u00edn\"},\"image\":{\"@id\":\"https:\/\/3broshostel.com\/#\/schema\/logo\/image\/\"},\"sameAs\":[\"https:\/\/www.facebook.com\/hostel.cieszyn\/\",\"https:\/\/x.com\/3BrosHostel\",\"https:\/\/www.instagram.com\/3bros_hostel_cieszyn\/\",\"https:\/\/www.youtube.com\/watch?v=oGFvBgvd0d4\"]}]}<\/script>\n<!-- \/ Yoast SEO plugin. -->","yoast_head_json":{"title":"Jak doj\u015b\u0107? | 3 Bros&#039; Hostel","robots":{"index":"index","follow":"follow","max-snippet":"max-snippet:-1","max-image-preview":"max-image-preview:large","max-video-preview":"max-video-preview:-1"},"canonical":"https:\/\/3broshostel.com\/en\/jak-dojsc\/","og_locale":"en_US","og_type":"article","og_title":"Jak doj\u015b\u0107? | 3 Bros&#039; Hostel","og_url":"https:\/\/3broshostel.com\/en\/jak-dojsc\/","og_site_name":"3 Bros&#039; Hostel","article_publisher":"https:\/\/www.facebook.com\/hostel.cieszyn\/","article_modified_time":"2019-03-01T19:44:16+00:00","twitter_card":"summary_large_image","twitter_site":"@3BrosHostel","twitter_misc":{"Est. reading time":"5 minutes"},"schema":{"@context":"https:\/\/schema.org","@graph":[{"@type":"WebPage","@id":"https:\/\/3broshostel.com\/en\/jak-dojsc\/","url":"https:\/\/3broshostel.com\/en\/jak-dojsc\/","name":"Jak doj\u015b\u0107? | 3 Bros&#039; Hostel","isPartOf":{"@id":"https:\/\/3broshostel.com\/#website"},"primaryImageOfPage":{"@id":"https:\/\/3broshostel.com\/en\/jak-dojsc\/#primaryimage"},"image":{"@id":"https:\/\/3broshostel.com\/en\/jak-dojsc\/#primaryimage"},"thumbnailUrl":"","datePublished":"2018-09-15T18:40:47+00:00","dateModified":"2019-03-01T19:44:16+00:00","breadcrumb":{"@id":"https:\/\/3broshostel.com\/en\/jak-dojsc\/#breadcrumb"},"inLanguage":"en-US","potentialAction":[{"@type":"ReadAction","target":["https:\/\/3broshostel.com\/en\/jak-dojsc\/"]}]},{"@type":"ImageObject","inLanguage":"en-US","@id":"https:\/\/3broshostel.com\/en\/jak-dojsc\/#primaryimage","url":"","contentUrl":""},{"@type":"BreadcrumbList","@id":"https:\/\/3broshostel.com\/en\/jak-dojsc\/#breadcrumb","itemListElement":[{"@type":"ListItem","position":1,"name":"Strona g\u0142\u00f3wna","item":"https:\/\/3broshostel.com\/"},{"@type":"ListItem","position":2,"name":"Jak doj\u015b\u0107?"}]},{"@type":"WebSite","@id":"https:\/\/3broshostel.com\/#website","url":"https:\/\/3broshostel.com\/","name":"3 Bros' Hostel Cieszyn\/ \u010cesk\u00fd T\u011b\u0161\u00edn","description":"Cieszyn \/ \u010cesk\u00fd T\u011b\u0161\u00edn - Accomodation for backpackers","publisher":{"@id":"https:\/\/3broshostel.com\/#organization"},"potentialAction":[{"@type":"SearchAction","target":{"@type":"EntryPoint","urlTemplate":"https:\/\/3broshostel.com\/?s={search_term_string}"},"query-input":{"@type":"PropertyValueSpecification","valueRequired":true,"valueName":"search_term_string"}}],"inLanguage":"en-US"},{"@type":"Organization","@id":"https:\/\/3broshostel.com\/#organization","name":"3 Bros' Hostel Cieszyn\/ \u010cesk\u00fd T\u011b\u0161\u00edn","url":"https:\/\/3broshostel.com\/","logo":{"@type":"ImageObject","inLanguage":"en-US","@id":"https:\/\/3broshostel.com\/#\/schema\/logo\/image\/","url":"https:\/\/3broshostel.com\/wp-content\/uploads\/2019\/03\/hostel_logo_new2019.png","contentUrl":"https:\/\/3broshostel.com\/wp-content\/uploads\/2019\/03\/hostel_logo_new2019.png","width":1734,"height":435,"caption":"3 Bros' Hostel Cieszyn\/ \u010cesk\u00fd T\u011b\u0161\u00edn"},"image":{"@id":"https:\/\/3broshostel.com\/#\/schema\/logo\/image\/"},"sameAs":["https:\/\/www.facebook.com\/hostel.cieszyn\/","https:\/\/x.com\/3BrosHostel","https:\/\/www.instagram.com\/3bros_hostel_cieszyn\/","https:\/\/www.youtube.com\/watch?v=oGFvBgvd0d4"]}]}},"_links":{"self":[{"href":"https:\/\/3broshostel.com\/en\/wp-json\/wp\/v2\/pages\/55"}],"collection":[{"href":"https:\/\/3broshostel.com\/en\/wp-json\/wp\/v2\/pages"}],"about":[{"href":"https:\/\/3broshostel.com\/en\/wp-json\/wp\/v2\/types\/page"}],"author":[{"embeddable":true,"href":"https:\/\/3broshostel.com\/en\/wp-json\/wp\/v2\/users\/1"}],"replies":[{"embeddable":true,"href":"https:\/\/3broshostel.com\/en\/wp-json\/wp\/v2\/comments?post=55"}],"version-history":[{"count":2,"href":"https:\/\/3broshostel.com\/en\/wp-json\/wp\/v2\/pages\/55\/revisions"}],"predecessor-version":[{"id":793,"href":"https:\/\/3broshostel.com\/en\/wp-json\/wp\/v2\/pages\/55\/revisions\/793"}],"wp:featuredmedia":[{"embeddable":true,"href":"https:\/\/3broshostel.com\/en\/wp-json\/"}],"wp:attachment":[{"href":"https:\/\/3broshostel.com\/en\/wp-json\/wp\/v2\/media?parent=55"}],"curies":[{"name":"wp","href":"https:\/\/api.w.org\/{rel}","templated":true}]}}