{"id":584,"date":"2019-02-26T01:29:01","date_gmt":"2019-02-26T00:29:01","guid":{"rendered":"http:\/\/3broshostel.com\/?page_id=584"},"modified":"2019-03-05T19:37:02","modified_gmt":"2019-03-05T18:37:02","slug":"how-to-get-to-prague-from-krakow","status":"publish","type":"page","link":"https:\/\/3broshostel.com\/en\/how-to-get-to-prague-from-krakow\/","title":{"rendered":"Jak dojecha\u0107 do Pragi?"},"content":{"rendered":"<p>Our question doesn&#8217;t seems to be difficult. Yes, there is an overnight direct from Krakow to Prague.<\/p>\n<p>Yes, you can pay around 70 Euros for a ticket. If you&#8217;re ok with the price, forget about this brochure. If not \u2013 please read carefully and take our advice. You can even save 40 Euros, without wasting your time. How?<\/p>\n<h3 class=\"wysiwyg-text-align-center\">GO THROUGH\u00a0<b>CIESZYN<\/b><\/h3>\n<p>Step 1.<\/p>\n<ul>\n<li>Go to the Bus Station (just near the Train Station). Find bus to\u00a0<b>Cieszyn\u00a0<\/b>departing from the lower platform. Buses to Cieszyn departs very frequently \u2013 approx. every 45 minutes (first one around 5 am, last one at 9.50 pm). One ticket costs 20 PLN (around 4,5 Euros): you can pay the driver. Travel from Krakow to Cieszyn takes about 3 hours.<\/li>\n<\/ul>\n<p>Step 2.<\/p>\n<ul>\n<li>&#8211; You&#8217;re in Cieszyn, one of the oldest cities in Poland, famous of beautiful Old Town area. Whole city is divided between Poland and Czech Republic. Now you need to get to the Czech side, and find the Train Station. It&#8217;s not a long walk \u2013 around 15-20 minutes. Before you do that, think of dropping in to our 3Bros&#8217; Hostel &#8211; 10 min. walk from both bus and train stations and only 1 minute away from the main square.<br \/>\nThe town is really worth seeing!<\/li>\n<\/ul>\n<p>Step 3.<\/p>\n<ul>\n<li>Direct trains from Cesky Tesin (czech name for Cieszyn) departs pretty often, every 90 minues everyday. You can pay for the ticket by your credit card. If you prefer cash \u2013 don&#8217;t forget to buy czech korunas in Krakow \u2013 exchange offices are closed in Cieszyn in the night time. Regular price for the ticket is 380 Korunas (approx. 15 Euros). Remmember \u2013 you can get a discount if you buy ticket one day in advance, if you&#8217;re a student, if you&#8217;re not a solo traveller (group ticket discount starts from 2 people!). Then enjoy 4,5 hours of travel. You&#8217;re in Prague!<\/li>\n<\/ul>\n<p><b>RESUME<\/b><\/p>\n<p><i>Price:<\/i><\/p>\n<p>Direct train to Prague: 72 Euros.<\/p>\n<p>Going through Cieszyn: maximum 19,5 Euros.<\/p>\n<p><i>Time of travel:<\/i><\/p>\n<p>Direct train to Prague: 9,5 hours<\/p>\n<p>Going through Cieszyn: from 8-10 hours.<\/p>\n<p>To find all timetables and directions, check the link below<\/p>","protected":false},"excerpt":{"rendered":"<p>Our question doesn&#8217;t seems to be difficult. Yes, there is an overnight direct from Krakow to Prague. Yes, you can pay around 70 Euros for a ticket. If you&#8217;re ok with the price, forget about this brochure. If not \u2013 please read carefully and take our advice. You can even save 40 Euros, without wasting [&hellip;]<\/p>\n","protected":false},"author":1,"featured_media":0,"parent":0,"menu_order":0,"comment_status":"closed","ping_status":"closed","template":"","meta":{"_acf_changed":false,"footnotes":""},"class_list":["post-584","page","type-page","status-publish","hentry"],"acf":[],"yoast_head":"<!-- This site is optimized with the Yoast SEO plugin v25.6 - https:\/\/yoast.com\/wordpress\/plugins\/seo\/ -->\n<title>Jak dojecha\u0107 do Pragi? | 3 Bros&#039; Hostel<\/title>\n<meta name=\"robots\" content=\"index, follow, max-snippet:-1, max-image-preview:large, max-video-preview:-1\" \/>\n<link rel=\"canonical\" href=\"https:\/\/3broshostel.com\/how-to-get-to-prague-from-krakow\/\" \/>\n<meta property=\"og:locale\" content=\"en_US\" \/>\n<meta property=\"og:type\" content=\"article\" \/>\n<meta property=\"og:title\" content=\"Jak dojecha\u0107 do Pragi? | 3 Bros&#039; Hostel\" \/>\n<meta property=\"og:description\" content=\"Our question doesn&#8217;t seems to be difficult. Yes, there is an overnight direct from Krakow to Prague. Yes, you can pay around 70 Euros for a ticket. If you&#8217;re ok with the price, forget about this brochure. If not \u2013 please read carefully and take our advice. You can even save 40 Euros, without wasting [&hellip;]\" \/>\n<meta property=\"og:url\" content=\"https:\/\/3broshostel.com\/how-to-get-to-prague-from-krakow\/\" \/>\n<meta property=\"og:site_name\" content=\"3 Bros&#039; Hostel\" \/>\n<meta property=\"article:publisher\" content=\"https:\/\/www.facebook.com\/hostel.cieszyn\/\" \/>\n<meta property=\"article:modified_time\" content=\"2019-03-05T18:37:02+00:00\" \/>\n<meta name=\"twitter:card\" content=\"summary_large_image\" \/>\n<meta name=\"twitter:site\" content=\"@3BrosHostel\" \/>\n<meta name=\"twitter:label1\" content=\"Est. reading time\" \/>\n\t<meta name=\"twitter:data1\" content=\"4 minutes\" \/>\n<script type=\"application\/ld+json\" class=\"yoast-schema-graph\">{\"@context\":\"https:\/\/schema.org\",\"@graph\":[{\"@type\":\"WebPage\",\"@id\":\"https:\/\/3broshostel.com\/how-to-get-to-prague-from-krakow\/\",\"url\":\"https:\/\/3broshostel.com\/how-to-get-to-prague-from-krakow\/\",\"name\":\"Jak dojecha\u0107 do Pragi? | 3 Bros&#039; Hostel\",\"isPartOf\":{\"@id\":\"https:\/\/3broshostel.com\/#website\"},\"datePublished\":\"2019-02-26T00:29:01+00:00\",\"dateModified\":\"2019-03-05T18:37:02+00:00\",\"breadcrumb\":{\"@id\":\"https:\/\/3broshostel.com\/how-to-get-to-prague-from-krakow\/#breadcrumb\"},\"inLanguage\":\"en-US\",\"potentialAction\":[{\"@type\":\"ReadAction\",\"target\":[\"https:\/\/3broshostel.com\/how-to-get-to-prague-from-krakow\/\"]}]},{\"@type\":\"BreadcrumbList\",\"@id\":\"https:\/\/3broshostel.com\/how-to-get-to-prague-from-krakow\/#breadcrumb\",\"itemListElement\":[{\"@type\":\"ListItem\",\"position\":1,\"name\":\"Strona g\u0142\u00f3wna\",\"item\":\"https:\/\/3broshostel.com\/\"},{\"@type\":\"ListItem\",\"position\":2,\"name\":\"Jak dojecha\u0107 do&nbsp;Pragi?\"}]},{\"@type\":\"WebSite\",\"@id\":\"https:\/\/3broshostel.com\/#website\",\"url\":\"https:\/\/3broshostel.com\/\",\"name\":\"3 Bros' Hostel Cieszyn\/ \u010cesk\u00fd T\u011b\u0161\u00edn\",\"description\":\"Cieszyn \/ \u010cesk\u00fd T\u011b\u0161\u00edn - Accomodation for backpackers\",\"publisher\":{\"@id\":\"https:\/\/3broshostel.com\/#organization\"},\"potentialAction\":[{\"@type\":\"SearchAction\",\"target\":{\"@type\":\"EntryPoint\",\"urlTemplate\":\"https:\/\/3broshostel.com\/?s={search_term_string}\"},\"query-input\":{\"@type\":\"PropertyValueSpecification\",\"valueRequired\":true,\"valueName\":\"search_term_string\"}}],\"inLanguage\":\"en-US\"},{\"@type\":\"Organization\",\"@id\":\"https:\/\/3broshostel.com\/#organization\",\"name\":\"3 Bros' Hostel Cieszyn\/ \u010cesk\u00fd T\u011b\u0161\u00edn\",\"url\":\"https:\/\/3broshostel.com\/\",\"logo\":{\"@type\":\"ImageObject\",\"inLanguage\":\"en-US\",\"@id\":\"https:\/\/3broshostel.com\/#\/schema\/logo\/image\/\",\"url\":\"https:\/\/3broshostel.com\/wp-content\/uploads\/2019\/03\/hostel_logo_new2019.png\",\"contentUrl\":\"https:\/\/3broshostel.com\/wp-content\/uploads\/2019\/03\/hostel_logo_new2019.png\",\"width\":1734,\"height\":435,\"caption\":\"3 Bros' Hostel Cieszyn\/ \u010cesk\u00fd T\u011b\u0161\u00edn\"},\"image\":{\"@id\":\"https:\/\/3broshostel.com\/#\/schema\/logo\/image\/\"},\"sameAs\":[\"https:\/\/www.facebook.com\/hostel.cieszyn\/\",\"https:\/\/x.com\/3BrosHostel\",\"https:\/\/www.instagram.com\/3bros_hostel_cieszyn\/\",\"https:\/\/www.youtube.com\/watch?v=oGFvBgvd0d4\"]}]}<\/script>\n<!-- \/ Yoast SEO plugin. -->","yoast_head_json":{"title":"Jak dojecha\u0107 do Pragi? | 3 Bros&#039; Hostel","robots":{"index":"index","follow":"follow","max-snippet":"max-snippet:-1","max-image-preview":"max-image-preview:large","max-video-preview":"max-video-preview:-1"},"canonical":"https:\/\/3broshostel.com\/how-to-get-to-prague-from-krakow\/","og_locale":"en_US","og_type":"article","og_title":"Jak dojecha\u0107 do Pragi? | 3 Bros&#039; Hostel","og_description":"Our question doesn&#8217;t seems to be difficult. Yes, there is an overnight direct from Krakow to Prague. Yes, you can pay around 70 Euros for a ticket. If you&#8217;re ok with the price, forget about this brochure. If not \u2013 please read carefully and take our advice. You can even save 40 Euros, without wasting [&hellip;]","og_url":"https:\/\/3broshostel.com\/how-to-get-to-prague-from-krakow\/","og_site_name":"3 Bros&#039; Hostel","article_publisher":"https:\/\/www.facebook.com\/hostel.cieszyn\/","article_modified_time":"2019-03-05T18:37:02+00:00","twitter_card":"summary_large_image","twitter_site":"@3BrosHostel","twitter_misc":{"Est. reading time":"4 minutes"},"schema":{"@context":"https:\/\/schema.org","@graph":[{"@type":"WebPage","@id":"https:\/\/3broshostel.com\/how-to-get-to-prague-from-krakow\/","url":"https:\/\/3broshostel.com\/how-to-get-to-prague-from-krakow\/","name":"Jak dojecha\u0107 do Pragi? | 3 Bros&#039; Hostel","isPartOf":{"@id":"https:\/\/3broshostel.com\/#website"},"datePublished":"2019-02-26T00:29:01+00:00","dateModified":"2019-03-05T18:37:02+00:00","breadcrumb":{"@id":"https:\/\/3broshostel.com\/how-to-get-to-prague-from-krakow\/#breadcrumb"},"inLanguage":"en-US","potentialAction":[{"@type":"ReadAction","target":["https:\/\/3broshostel.com\/how-to-get-to-prague-from-krakow\/"]}]},{"@type":"BreadcrumbList","@id":"https:\/\/3broshostel.com\/how-to-get-to-prague-from-krakow\/#breadcrumb","itemListElement":[{"@type":"ListItem","position":1,"name":"Strona g\u0142\u00f3wna","item":"https:\/\/3broshostel.com\/"},{"@type":"ListItem","position":2,"name":"Jak dojecha\u0107 do&nbsp;Pragi?"}]},{"@type":"WebSite","@id":"https:\/\/3broshostel.com\/#website","url":"https:\/\/3broshostel.com\/","name":"3 Bros' Hostel Cieszyn\/ \u010cesk\u00fd T\u011b\u0161\u00edn","description":"Cieszyn \/ \u010cesk\u00fd T\u011b\u0161\u00edn - Accomodation for backpackers","publisher":{"@id":"https:\/\/3broshostel.com\/#organization"},"potentialAction":[{"@type":"SearchAction","target":{"@type":"EntryPoint","urlTemplate":"https:\/\/3broshostel.com\/?s={search_term_string}"},"query-input":{"@type":"PropertyValueSpecification","valueRequired":true,"valueName":"search_term_string"}}],"inLanguage":"en-US"},{"@type":"Organization","@id":"https:\/\/3broshostel.com\/#organization","name":"3 Bros' Hostel Cieszyn\/ \u010cesk\u00fd T\u011b\u0161\u00edn","url":"https:\/\/3broshostel.com\/","logo":{"@type":"ImageObject","inLanguage":"en-US","@id":"https:\/\/3broshostel.com\/#\/schema\/logo\/image\/","url":"https:\/\/3broshostel.com\/wp-content\/uploads\/2019\/03\/hostel_logo_new2019.png","contentUrl":"https:\/\/3broshostel.com\/wp-content\/uploads\/2019\/03\/hostel_logo_new2019.png","width":1734,"height":435,"caption":"3 Bros' Hostel Cieszyn\/ \u010cesk\u00fd T\u011b\u0161\u00edn"},"image":{"@id":"https:\/\/3broshostel.com\/#\/schema\/logo\/image\/"},"sameAs":["https:\/\/www.facebook.com\/hostel.cieszyn\/","https:\/\/x.com\/3BrosHostel","https:\/\/www.instagram.com\/3bros_hostel_cieszyn\/","https:\/\/www.youtube.com\/watch?v=oGFvBgvd0d4"]}]}},"_links":{"self":[{"href":"https:\/\/3broshostel.com\/en\/wp-json\/wp\/v2\/pages\/584"}],"collection":[{"href":"https:\/\/3broshostel.com\/en\/wp-json\/wp\/v2\/pages"}],"about":[{"href":"https:\/\/3broshostel.com\/en\/wp-json\/wp\/v2\/types\/page"}],"author":[{"embeddable":true,"href":"https:\/\/3broshostel.com\/en\/wp-json\/wp\/v2\/users\/1"}],"replies":[{"embeddable":true,"href":"https:\/\/3broshostel.com\/en\/wp-json\/wp\/v2\/comments?post=584"}],"version-history":[{"count":2,"href":"https:\/\/3broshostel.com\/en\/wp-json\/wp\/v2\/pages\/584\/revisions"}],"predecessor-version":[{"id":842,"href":"https:\/\/3broshostel.com\/en\/wp-json\/wp\/v2\/pages\/584\/revisions\/842"}],"wp:attachment":[{"href":"https:\/\/3broshostel.com\/en\/wp-json\/wp\/v2\/media?parent=584"}],"curies":[{"name":"wp","href":"https:\/\/api.w.org\/{rel}","templated":true}]}}