{"id":81,"date":"2018-10-11T00:55:44","date_gmt":"2018-10-10T22:55:44","guid":{"rendered":"http:\/\/3broshostel.com\/?page_id=81"},"modified":"2019-10-02T22:28:48","modified_gmt":"2019-10-02T20:28:48","slug":"historia-budynku-mennicza-14-cieszyn","status":"publish","type":"page","link":"https:\/\/3broshostel.com\/en\/historia-budynku-mennicza-14-cieszyn\/","title":{"rendered":"Building history"},"content":{"rendered":"<p>The building located at Mennicza 14.<\/p>\n<p>The first document regarding this facility was written when the enemy Imperial Armies chased the insurgents of the January Uprising over the territory of the former Commonwealth. Precisely 150 years ago Mr Adolf \u017baczek, the owner of the house no 136 in Cieszyn, opened an initiative to build a workshop in the backyard of his house. What did the Building Inspection have to say to that? And what about the neighbours? Considering the realities of the time, did they bury him in an avalanche of paperwork?<\/p>\n<p>Not at all!<br \/>\nThe construction master, J\u00f3zef Gross, did a quick examination and gave his permission. The neighbour, Josef Turek, didn&#8217;t object too strongly either, even though he washed his hands from any potential damages that could result from the construction. Adolf \u017baczek must have breathed a sigh of relief. The building on the corner of Mennicza and B\u00f3\u017cnicza performed many different functions later on, before it became a haven for backpackers and vagabonds&#8230;<\/p>\n<p>Rumour has it that the tenement in which the hostel is located today went to the entrepreneurial hands of Adam Kofin &#8211; the manufacturer of water and lemonade.<\/p>\n<p>Before our grandparents had even thought about having our parents, the building on the corner of Mennicza and B\u00f3\u017cnicza dabbled in the tourism industry. This is where the Service of Polish Tourist and Sightseeing Society (PTTK) had its temporary premises. A bank also used to be located here &#8211; that&#8217;s why for the first few days we knocked on every wall, hoping to find a hidden safe. Pro tip &#8211; don&#8217;t waste your time.<\/p>\n<p>After the war, the building at Mennicza 14 became intimately entangled with the furniture industry. At long last, we arrived here, the 3 Bros&#8217; Hostel, which shares the building with a grocery on the ground floor.<\/p>\n<p>As can be seen, this unassuming building at Mennicza 14 has witnessed over 150 years of Cieszyn&#8217;s entrepreneurial history.<\/p>\n<p>&nbsp;<\/p>","protected":false},"excerpt":{"rendered":"<p>The building located at Mennicza 14. The first document regarding this facility was written when the enemy Imperial Armies chased the insurgents of the January Uprising over the territory of the former Commonwealth. Precisely 150 years ago Mr Adolf \u017baczek, the owner of the house no 136 in Cieszyn, opened an initiative to build a [&hellip;]<\/p>\n","protected":false},"author":1,"featured_media":0,"parent":0,"menu_order":0,"comment_status":"closed","ping_status":"closed","template":"","meta":{"_acf_changed":false,"footnotes":""},"class_list":["post-81","page","type-page","status-publish","hentry"],"acf":[],"yoast_head":"<!-- This site is optimized with the Yoast SEO plugin v25.6 - https:\/\/yoast.com\/wordpress\/plugins\/seo\/ -->\n<title>Historia domu przy ul. Mennicza 14, Cieszyn | 3 Bros&#039; Hostel<\/title>\n<meta name=\"description\" content=\"Kultowy hostel w \u015bcis\u0142ym centrum w polskiej cz\u0119\u015bci Cieszyna. Najta\u0144szy nocleg przy granicy. Rezerwej online bezpo\u015brednio - najlepsze ceny\" \/>\n<meta name=\"robots\" content=\"index, follow, max-snippet:-1, max-image-preview:large, max-video-preview:-1\" \/>\n<link rel=\"canonical\" href=\"https:\/\/3broshostel.com\/historia-budynku-mennicza-14-cieszyn\/\" \/>\n<meta property=\"og:locale\" content=\"en_US\" \/>\n<meta property=\"og:type\" content=\"article\" \/>\n<meta property=\"og:title\" content=\"Historia domu przy ul. Mennicza 14, Cieszyn | 3 Bros&#039; Hostel\" \/>\n<meta property=\"og:description\" content=\"Kultowy hostel w \u015bcis\u0142ym centrum w polskiej cz\u0119\u015bci Cieszyna. Najta\u0144szy nocleg przy granicy. Rezerwej online bezpo\u015brednio - najlepsze ceny\" \/>\n<meta property=\"og:url\" content=\"https:\/\/3broshostel.com\/historia-budynku-mennicza-14-cieszyn\/\" \/>\n<meta property=\"og:site_name\" content=\"3 Bros&#039; Hostel\" \/>\n<meta property=\"article:publisher\" content=\"https:\/\/www.facebook.com\/hostel.cieszyn\/\" \/>\n<meta property=\"article:modified_time\" content=\"2019-10-02T20:28:48+00:00\" \/>\n<meta property=\"og:image\" content=\"http:\/\/3broshostel.com\/wp-content\/uploads\/2019\/03\/zaczek-700x1024.jpg\" \/>\n<meta name=\"twitter:card\" content=\"summary_large_image\" \/>\n<meta name=\"twitter:site\" content=\"@3BrosHostel\" \/>\n<meta name=\"twitter:label1\" content=\"Est. reading time\" \/>\n\t<meta name=\"twitter:data1\" content=\"3 minutes\" \/>\n<script type=\"application\/ld+json\" class=\"yoast-schema-graph\">{\"@context\":\"https:\/\/schema.org\",\"@graph\":[{\"@type\":\"WebPage\",\"@id\":\"https:\/\/3broshostel.com\/historia-budynku-mennicza-14-cieszyn\/\",\"url\":\"https:\/\/3broshostel.com\/historia-budynku-mennicza-14-cieszyn\/\",\"name\":\"Historia domu przy ul. Mennicza 14, Cieszyn | 3 Bros&#039; Hostel\",\"isPartOf\":{\"@id\":\"https:\/\/3broshostel.com\/#website\"},\"primaryImageOfPage\":{\"@id\":\"https:\/\/3broshostel.com\/historia-budynku-mennicza-14-cieszyn\/#primaryimage\"},\"image\":{\"@id\":\"https:\/\/3broshostel.com\/historia-budynku-mennicza-14-cieszyn\/#primaryimage\"},\"thumbnailUrl\":\"http:\/\/3broshostel.com\/wp-content\/uploads\/2019\/03\/zaczek-700x1024.jpg\",\"datePublished\":\"2018-10-10T22:55:44+00:00\",\"dateModified\":\"2019-10-02T20:28:48+00:00\",\"description\":\"Kultowy hostel w \u015bcis\u0142ym centrum w polskiej cz\u0119\u015bci Cieszyna. Najta\u0144szy nocleg przy granicy. Rezerwej online bezpo\u015brednio - najlepsze ceny\",\"breadcrumb\":{\"@id\":\"https:\/\/3broshostel.com\/historia-budynku-mennicza-14-cieszyn\/#breadcrumb\"},\"inLanguage\":\"en-US\",\"potentialAction\":[{\"@type\":\"ReadAction\",\"target\":[\"https:\/\/3broshostel.com\/historia-budynku-mennicza-14-cieszyn\/\"]}]},{\"@type\":\"ImageObject\",\"inLanguage\":\"en-US\",\"@id\":\"https:\/\/3broshostel.com\/historia-budynku-mennicza-14-cieszyn\/#primaryimage\",\"url\":\"http:\/\/3broshostel.com\/wp-content\/uploads\/2019\/03\/zaczek-700x1024.jpg\",\"contentUrl\":\"http:\/\/3broshostel.com\/wp-content\/uploads\/2019\/03\/zaczek-700x1024.jpg\"},{\"@type\":\"BreadcrumbList\",\"@id\":\"https:\/\/3broshostel.com\/historia-budynku-mennicza-14-cieszyn\/#breadcrumb\",\"itemListElement\":[{\"@type\":\"ListItem\",\"position\":1,\"name\":\"Strona g\u0142\u00f3wna\",\"item\":\"https:\/\/3broshostel.com\/\"},{\"@type\":\"ListItem\",\"position\":2,\"name\":\"Historia obiektu\"}]},{\"@type\":\"WebSite\",\"@id\":\"https:\/\/3broshostel.com\/#website\",\"url\":\"https:\/\/3broshostel.com\/\",\"name\":\"3 Bros' Hostel Cieszyn\/ \u010cesk\u00fd T\u011b\u0161\u00edn\",\"description\":\"Cieszyn \/ \u010cesk\u00fd T\u011b\u0161\u00edn - Accomodation for backpackers\",\"publisher\":{\"@id\":\"https:\/\/3broshostel.com\/#organization\"},\"potentialAction\":[{\"@type\":\"SearchAction\",\"target\":{\"@type\":\"EntryPoint\",\"urlTemplate\":\"https:\/\/3broshostel.com\/?s={search_term_string}\"},\"query-input\":{\"@type\":\"PropertyValueSpecification\",\"valueRequired\":true,\"valueName\":\"search_term_string\"}}],\"inLanguage\":\"en-US\"},{\"@type\":\"Organization\",\"@id\":\"https:\/\/3broshostel.com\/#organization\",\"name\":\"3 Bros' Hostel Cieszyn\/ \u010cesk\u00fd T\u011b\u0161\u00edn\",\"url\":\"https:\/\/3broshostel.com\/\",\"logo\":{\"@type\":\"ImageObject\",\"inLanguage\":\"en-US\",\"@id\":\"https:\/\/3broshostel.com\/#\/schema\/logo\/image\/\",\"url\":\"https:\/\/3broshostel.com\/wp-content\/uploads\/2019\/03\/hostel_logo_new2019.png\",\"contentUrl\":\"https:\/\/3broshostel.com\/wp-content\/uploads\/2019\/03\/hostel_logo_new2019.png\",\"width\":1734,\"height\":435,\"caption\":\"3 Bros' Hostel Cieszyn\/ \u010cesk\u00fd T\u011b\u0161\u00edn\"},\"image\":{\"@id\":\"https:\/\/3broshostel.com\/#\/schema\/logo\/image\/\"},\"sameAs\":[\"https:\/\/www.facebook.com\/hostel.cieszyn\/\",\"https:\/\/x.com\/3BrosHostel\",\"https:\/\/www.instagram.com\/3bros_hostel_cieszyn\/\",\"https:\/\/www.youtube.com\/watch?v=oGFvBgvd0d4\"]}]}<\/script>\n<!-- \/ Yoast SEO plugin. -->","yoast_head_json":{"title":"Historia domu przy ul. Mennicza 14, Cieszyn | 3 Bros&#039; Hostel","description":"Kultowy hostel w \u015bcis\u0142ym centrum w polskiej cz\u0119\u015bci Cieszyna. Najta\u0144szy nocleg przy granicy. Rezerwej online bezpo\u015brednio - najlepsze ceny","robots":{"index":"index","follow":"follow","max-snippet":"max-snippet:-1","max-image-preview":"max-image-preview:large","max-video-preview":"max-video-preview:-1"},"canonical":"https:\/\/3broshostel.com\/historia-budynku-mennicza-14-cieszyn\/","og_locale":"en_US","og_type":"article","og_title":"Historia domu przy ul. Mennicza 14, Cieszyn | 3 Bros&#039; Hostel","og_description":"Kultowy hostel w \u015bcis\u0142ym centrum w polskiej cz\u0119\u015bci Cieszyna. Najta\u0144szy nocleg przy granicy. Rezerwej online bezpo\u015brednio - najlepsze ceny","og_url":"https:\/\/3broshostel.com\/historia-budynku-mennicza-14-cieszyn\/","og_site_name":"3 Bros&#039; Hostel","article_publisher":"https:\/\/www.facebook.com\/hostel.cieszyn\/","article_modified_time":"2019-10-02T20:28:48+00:00","og_image":[{"url":"http:\/\/3broshostel.com\/wp-content\/uploads\/2019\/03\/zaczek-700x1024.jpg","type":"","width":"","height":""}],"twitter_card":"summary_large_image","twitter_site":"@3BrosHostel","twitter_misc":{"Est. reading time":"3 minutes"},"schema":{"@context":"https:\/\/schema.org","@graph":[{"@type":"WebPage","@id":"https:\/\/3broshostel.com\/historia-budynku-mennicza-14-cieszyn\/","url":"https:\/\/3broshostel.com\/historia-budynku-mennicza-14-cieszyn\/","name":"Historia domu przy ul. Mennicza 14, Cieszyn | 3 Bros&#039; Hostel","isPartOf":{"@id":"https:\/\/3broshostel.com\/#website"},"primaryImageOfPage":{"@id":"https:\/\/3broshostel.com\/historia-budynku-mennicza-14-cieszyn\/#primaryimage"},"image":{"@id":"https:\/\/3broshostel.com\/historia-budynku-mennicza-14-cieszyn\/#primaryimage"},"thumbnailUrl":"http:\/\/3broshostel.com\/wp-content\/uploads\/2019\/03\/zaczek-700x1024.jpg","datePublished":"2018-10-10T22:55:44+00:00","dateModified":"2019-10-02T20:28:48+00:00","description":"Kultowy hostel w \u015bcis\u0142ym centrum w polskiej cz\u0119\u015bci Cieszyna. Najta\u0144szy nocleg przy granicy. Rezerwej online bezpo\u015brednio - najlepsze ceny","breadcrumb":{"@id":"https:\/\/3broshostel.com\/historia-budynku-mennicza-14-cieszyn\/#breadcrumb"},"inLanguage":"en-US","potentialAction":[{"@type":"ReadAction","target":["https:\/\/3broshostel.com\/historia-budynku-mennicza-14-cieszyn\/"]}]},{"@type":"ImageObject","inLanguage":"en-US","@id":"https:\/\/3broshostel.com\/historia-budynku-mennicza-14-cieszyn\/#primaryimage","url":"http:\/\/3broshostel.com\/wp-content\/uploads\/2019\/03\/zaczek-700x1024.jpg","contentUrl":"http:\/\/3broshostel.com\/wp-content\/uploads\/2019\/03\/zaczek-700x1024.jpg"},{"@type":"BreadcrumbList","@id":"https:\/\/3broshostel.com\/historia-budynku-mennicza-14-cieszyn\/#breadcrumb","itemListElement":[{"@type":"ListItem","position":1,"name":"Strona g\u0142\u00f3wna","item":"https:\/\/3broshostel.com\/"},{"@type":"ListItem","position":2,"name":"Historia obiektu"}]},{"@type":"WebSite","@id":"https:\/\/3broshostel.com\/#website","url":"https:\/\/3broshostel.com\/","name":"3 Bros' Hostel Cieszyn\/ \u010cesk\u00fd T\u011b\u0161\u00edn","description":"Cieszyn \/ \u010cesk\u00fd T\u011b\u0161\u00edn - Accomodation for backpackers","publisher":{"@id":"https:\/\/3broshostel.com\/#organization"},"potentialAction":[{"@type":"SearchAction","target":{"@type":"EntryPoint","urlTemplate":"https:\/\/3broshostel.com\/?s={search_term_string}"},"query-input":{"@type":"PropertyValueSpecification","valueRequired":true,"valueName":"search_term_string"}}],"inLanguage":"en-US"},{"@type":"Organization","@id":"https:\/\/3broshostel.com\/#organization","name":"3 Bros' Hostel Cieszyn\/ \u010cesk\u00fd T\u011b\u0161\u00edn","url":"https:\/\/3broshostel.com\/","logo":{"@type":"ImageObject","inLanguage":"en-US","@id":"https:\/\/3broshostel.com\/#\/schema\/logo\/image\/","url":"https:\/\/3broshostel.com\/wp-content\/uploads\/2019\/03\/hostel_logo_new2019.png","contentUrl":"https:\/\/3broshostel.com\/wp-content\/uploads\/2019\/03\/hostel_logo_new2019.png","width":1734,"height":435,"caption":"3 Bros' Hostel Cieszyn\/ \u010cesk\u00fd T\u011b\u0161\u00edn"},"image":{"@id":"https:\/\/3broshostel.com\/#\/schema\/logo\/image\/"},"sameAs":["https:\/\/www.facebook.com\/hostel.cieszyn\/","https:\/\/x.com\/3BrosHostel","https:\/\/www.instagram.com\/3bros_hostel_cieszyn\/","https:\/\/www.youtube.com\/watch?v=oGFvBgvd0d4"]}]}},"_links":{"self":[{"href":"https:\/\/3broshostel.com\/en\/wp-json\/wp\/v2\/pages\/81"}],"collection":[{"href":"https:\/\/3broshostel.com\/en\/wp-json\/wp\/v2\/pages"}],"about":[{"href":"https:\/\/3broshostel.com\/en\/wp-json\/wp\/v2\/types\/page"}],"author":[{"embeddable":true,"href":"https:\/\/3broshostel.com\/en\/wp-json\/wp\/v2\/users\/1"}],"replies":[{"embeddable":true,"href":"https:\/\/3broshostel.com\/en\/wp-json\/wp\/v2\/comments?post=81"}],"version-history":[{"count":28,"href":"https:\/\/3broshostel.com\/en\/wp-json\/wp\/v2\/pages\/81\/revisions"}],"predecessor-version":[{"id":832,"href":"https:\/\/3broshostel.com\/en\/wp-json\/wp\/v2\/pages\/81\/revisions\/832"}],"wp:attachment":[{"href":"https:\/\/3broshostel.com\/en\/wp-json\/wp\/v2\/media?parent=81"}],"curies":[{"name":"wp","href":"https:\/\/api.w.org\/{rel}","templated":true}]}}