{"id":83,"date":"2018-10-11T00:56:02","date_gmt":"2018-10-10T22:56:02","guid":{"rendered":"http:\/\/3broshostel.com\/?page_id=83"},"modified":"2024-10-08T11:59:56","modified_gmt":"2024-10-08T09:59:56","slug":"faq","status":"publish","type":"page","link":"https:\/\/3broshostel.com\/en\/faq\/","title":{"rendered":"FAQ"},"content":{"rendered":"<p><strong><i>&#8211; Check-in time starts at 15 PM. We\u2019re planning to arrive to Cieszyn really early. Can we come to hostel and storage our luggage?<br \/>\n<\/i><\/strong>Sure, no probs at all! Simply come to us, leave your bugs, have a coffee or tea, and relax on sofa. Who knows \u2013 maybe you\u2019ll be the lucky one to have your bed\/room much earlier?<\/p>\n<p><strong><i>&#8211; How much is breakfast? Or is it for free?<\/i><\/strong><br \/>\nOf course it is \u2013 breakfast for all 3BROS hostel guests is free!<\/p>\n<p><strong><i>&#8211; Do you accept groups? Can you offer any discounts?<\/i><\/strong><br \/>\nSure \u2013 please contact us to get discount: call us or simply send an e-mail, we\u2019ll answer ASAP.<\/p>\n<p><strong><i>&#8211; I\u2019ve planned to arrive to Cieszyn late evening. Is there anyone at your place to let me get in and check me in? I don\u2019t feel I wanna spent all night at the Cieszyn train station or whatever it\u2019s called\u2026<\/i><\/strong><br \/>\nNo worries, you won\u2019t. Just let us know ASAP. Anyways, reception staff will reach hostel in 5-7 mins.<\/p>\n<p><strong><i>&#8211; Is drinking alcohol (beer) allowed at the hostel? Do you have bar there?<\/i><\/strong><br \/>\nIf there\u2019s any place where drinking is forbidden \u2013 trust me \u2013 you won\u2019t find us there. Unfortunately we\u2019re too cameral to have our bar, however there is a couple of stores around. Plus cool local bars serving famous local lager \u2013 BRACKIE. Plus Czech Republic with amazing beer, amazing food, and amazing prices!<\/p>\n<p><strong><i>&#8211; What is your laundry policy? Do you have washing machine?<\/i><\/strong><br \/>\nYes, we do! Unfortunately there is no dryer, so you have to wait a couple of hours to get it dry.<\/p>\n<p><strong><i>&#8211; We\u2019ve planned very active stay. Someone told us there\u2019s a lot of hills and great places for skiing and snowboarding. Do you organize any tours or trips there?<\/i><\/strong><br \/>\nThere is no official company organized skiing tours. Anyway \u2013 no worries. We\u2019re people from Cieszyn, we know what\u2019s goin\u2019 on, what\u2019s around. We\u2019ll be more than happy to arrange a day trip for you guys.<\/p>\n<p><strong><i>&#8211; Do you have WI-FI?<\/i><\/strong><br \/>\nSimple question \u2013 simple answer: YES.<\/p>\n<p><strong><i>&#8211; I\u2019m gonna stay in Cieszyn just one day. Which part of the city is more worth to see \u2013 polish or czech? Should I change more polish or czech money?<\/i><\/strong><br \/>\nWell, tough question.Most of people say that polish part has much more attractions and interesting places for tourists. Cieszyn city centre is located on polish side. However we really adore some places on czech part of the city, so it\u2019s really hard to judge. Simply come here and check it out!<\/p>\n<p><strong><i>&#8211; What kind of breakfast do you serve? Is there something for vegetarians?<\/i><\/strong><br \/>\nOf course. For vegetarians, meat-eaters, for everyone! We do not have anything like \u00a0\u201ebritish breakfast\u201d, or \u201econtinental breakfast\u201d, it\u2019s special 3BROS mix, which suits everyone.<\/p>\n<p><strong><i>&#8211; We travel by car \u2013 do you recommend any parking place around.<\/i><\/strong><br \/>\nThere is no private parking, but nearby, at the end of Bo\u017cnicza street there is a parking space. It costs 2PLN\/h during the weekday (8am-5pm). Weekends are for free.<\/p>\n<div><strong><i>&#8211; Do You send Visa confirmation to embassy?<br \/>\n<\/i><\/strong>Yes, we do. We send the confirmation letter after receiving min. 80% of the full amount of accomodation. We DO NOT send back the money. Sorry.<\/div>\n<div>\n<p><strong><i>&#8211; Do\u00a0<\/i><i>You<\/i><i>\u00a0accept bitcoin?<br \/>\n<\/i><\/strong>Yes! We love Bitcoin and we offer a 10% discount on all Bitcoin payments.\u00a0f you would like to make a reservation using Bitcoin, please call us. During the call, we will ask that you send a deposit equal to the cost of the first night for each person in your party. \u00a0You should send all payments to this address:\u00a0 1KC5FEqzQdwcAU5SHUSuZfYJnYp79zP3xR. As soon as we see your Bitcoin\u00a0payment at Blockchain.info (0 confirmations required) your reservation will be finalized in our system. If you wish to pay for additional nights during your stay, you will again send your Bitcoin payment in the presence of staff. Once they confirm your payment has been received they will register you for the appropriate number of nights in the hostel.<br \/>\n(Staff:\u00a0<a href=\"https:\/\/docs.google.com\/document\/d\/1eP3LZ0yo-hzcfuqp0vEKSqjV3ctLo3Wm1SDrr5vR0lE\/edit?usp=sharing\" target=\"_blank\" rel=\"nofollow noopener noreferrer\">Click here<\/a>\u00a0if you need help with Bitcoin.)<\/p>\n<\/div>\n<p><!--more--><\/p>\n<p>&nbsp;<\/p>\n<h3 class=\"wysiwyg-text-align-center\" style=\"text-align: center;\"><b>3 BROS&#8217; HOSTEL RULES<\/b><\/h3>\n<p><b><br \/>\nStaying at the 3 Bros&#8217; Hostel means automatically accepting following rules.<br \/>\n<\/b><br \/>\n&#8211; Total balance for the acoomodation to be paid during arrival.<br \/>\n&#8211; We do NOT refund any money after paying.If you\u2019d like to cancel part of your stay, please inform us before arranging the payment.<br \/>\n&#8211; Check-in time from 15 PM.<br \/>\n&#8211; Check-out time is at 11 AM.<br \/>\n&#8211; It is possible to storage your luggage after check-out for the rest of the day.<br \/>\n&#8211; No one \u2013 except all guests and hostel staff \u2013 is allowed to be at the hostel areas.<br \/>\n&#8211; We serve breafast beetween 8AM and 11AM.<br \/>\n&#8211; We provide one free towel.<br \/>\n&#8211; Set of all hostel keys are provided. Cost of the lost set is 100 PLN.<br \/>\n&#8211; Smoking is strictly forbidden, apart from the balcony.<br \/>\n&#8211; Having and using any kind of drugs is strictly forbidden.<br \/>\n&#8211; Drinking alcohol is more than allowed. The best drinking place is our common room.<\/p>\n<p>&#8211; Please respect other\u2019s right to sleep at night.<br \/>\n&#8211; In case of any damage done to hostel property you\u2019d have to pay for it.<br \/>\n&#8211; One bed in dorm room can be used only by one person.<br \/>\n&#8211; Due to aggresive and violent behavior hostel staff has all rights to ask our guest to leave the hostel without any refound.<br \/>\n&#8211; \u00a0During check-in process you need to show one document with picture (ID, passport, driving licence).<br \/>\n&#8211; It is forbidden to use your sleeping-bags since we provide clean linen.<\/p>\n<p><strong><br \/>\nI<\/strong><b>MPORTANT:<\/b><\/p>\n<p>*\u00a0If You travel with group of friends (over 6-pax) stag party, hen party, kids, please let us know in advance!<\/p>\n<p>* Hostel is located on the first and second floor, no lift here.<\/p>\n<p>* We do accept pre-paid. We do send payment confirmation for the visa purposes. However we DO NOT refund the pre-paid.<\/p>\n<p>THANK YOU, AND HAVE A GOOD STAY, BRO!<\/p>","protected":false},"excerpt":{"rendered":"<p>Sorry, this entry is only available in Polski.<\/p>\n","protected":false},"author":1,"featured_media":0,"parent":0,"menu_order":0,"comment_status":"closed","ping_status":"closed","template":"page-promos.php","meta":{"_acf_changed":false,"footnotes":""},"class_list":["post-83","page","type-page","status-publish","hentry"],"acf":[],"yoast_head":"<!-- This site is optimized with the Yoast SEO plugin v25.6 - https:\/\/yoast.com\/wordpress\/plugins\/seo\/ -->\n<title>FAQ | 3 Bros&#039; Hostel<\/title>\n<meta name=\"robots\" content=\"index, follow, max-snippet:-1, max-image-preview:large, max-video-preview:-1\" \/>\n<link rel=\"canonical\" href=\"https:\/\/3broshostel.com\/faq\/\" \/>\n<meta property=\"og:locale\" content=\"en_US\" \/>\n<meta property=\"og:type\" content=\"article\" \/>\n<meta property=\"og:title\" content=\"FAQ | 3 Bros&#039; Hostel\" \/>\n<meta property=\"og:description\" content=\"Sorry, this entry is only available in Polski.\" \/>\n<meta property=\"og:url\" content=\"https:\/\/3broshostel.com\/faq\/\" \/>\n<meta property=\"og:site_name\" content=\"3 Bros&#039; Hostel\" \/>\n<meta property=\"article:publisher\" content=\"https:\/\/www.facebook.com\/hostel.cieszyn\/\" \/>\n<meta property=\"article:modified_time\" content=\"2024-10-08T09:59:56+00:00\" \/>\n<meta name=\"twitter:card\" content=\"summary_large_image\" \/>\n<meta name=\"twitter:site\" content=\"@3BrosHostel\" \/>\n<meta name=\"twitter:label1\" content=\"Est. reading time\" \/>\n\t<meta name=\"twitter:data1\" content=\"6 minutes\" \/>\n<script type=\"application\/ld+json\" class=\"yoast-schema-graph\">{\"@context\":\"https:\/\/schema.org\",\"@graph\":[{\"@type\":\"WebPage\",\"@id\":\"https:\/\/3broshostel.com\/faq\/\",\"url\":\"https:\/\/3broshostel.com\/faq\/\",\"name\":\"FAQ | 3 Bros&#039; Hostel\",\"isPartOf\":{\"@id\":\"https:\/\/3broshostel.com\/#website\"},\"datePublished\":\"2018-10-10T22:56:02+00:00\",\"dateModified\":\"2024-10-08T09:59:56+00:00\",\"breadcrumb\":{\"@id\":\"https:\/\/3broshostel.com\/faq\/#breadcrumb\"},\"inLanguage\":\"en-US\",\"potentialAction\":[{\"@type\":\"ReadAction\",\"target\":[\"https:\/\/3broshostel.com\/faq\/\"]}]},{\"@type\":\"BreadcrumbList\",\"@id\":\"https:\/\/3broshostel.com\/faq\/#breadcrumb\",\"itemListElement\":[{\"@type\":\"ListItem\",\"position\":1,\"name\":\"Strona g\u0142\u00f3wna\",\"item\":\"https:\/\/3broshostel.com\/\"},{\"@type\":\"ListItem\",\"position\":2,\"name\":\"FAQ\"}]},{\"@type\":\"WebSite\",\"@id\":\"https:\/\/3broshostel.com\/#website\",\"url\":\"https:\/\/3broshostel.com\/\",\"name\":\"3 Bros' Hostel Cieszyn\/ \u010cesk\u00fd T\u011b\u0161\u00edn\",\"description\":\"Cieszyn \/ \u010cesk\u00fd T\u011b\u0161\u00edn - Accomodation for backpackers\",\"publisher\":{\"@id\":\"https:\/\/3broshostel.com\/#organization\"},\"potentialAction\":[{\"@type\":\"SearchAction\",\"target\":{\"@type\":\"EntryPoint\",\"urlTemplate\":\"https:\/\/3broshostel.com\/?s={search_term_string}\"},\"query-input\":{\"@type\":\"PropertyValueSpecification\",\"valueRequired\":true,\"valueName\":\"search_term_string\"}}],\"inLanguage\":\"en-US\"},{\"@type\":\"Organization\",\"@id\":\"https:\/\/3broshostel.com\/#organization\",\"name\":\"3 Bros' Hostel Cieszyn\/ \u010cesk\u00fd T\u011b\u0161\u00edn\",\"url\":\"https:\/\/3broshostel.com\/\",\"logo\":{\"@type\":\"ImageObject\",\"inLanguage\":\"en-US\",\"@id\":\"https:\/\/3broshostel.com\/#\/schema\/logo\/image\/\",\"url\":\"https:\/\/3broshostel.com\/wp-content\/uploads\/2019\/03\/hostel_logo_new2019.png\",\"contentUrl\":\"https:\/\/3broshostel.com\/wp-content\/uploads\/2019\/03\/hostel_logo_new2019.png\",\"width\":1734,\"height\":435,\"caption\":\"3 Bros' Hostel Cieszyn\/ \u010cesk\u00fd T\u011b\u0161\u00edn\"},\"image\":{\"@id\":\"https:\/\/3broshostel.com\/#\/schema\/logo\/image\/\"},\"sameAs\":[\"https:\/\/www.facebook.com\/hostel.cieszyn\/\",\"https:\/\/x.com\/3BrosHostel\",\"https:\/\/www.instagram.com\/3bros_hostel_cieszyn\/\",\"https:\/\/www.youtube.com\/watch?v=oGFvBgvd0d4\"]}]}<\/script>\n<!-- \/ Yoast SEO plugin. -->","yoast_head_json":{"title":"FAQ | 3 Bros&#039; Hostel","robots":{"index":"index","follow":"follow","max-snippet":"max-snippet:-1","max-image-preview":"max-image-preview:large","max-video-preview":"max-video-preview:-1"},"canonical":"https:\/\/3broshostel.com\/faq\/","og_locale":"en_US","og_type":"article","og_title":"FAQ | 3 Bros&#039; Hostel","og_description":"Sorry, this entry is only available in Polski.","og_url":"https:\/\/3broshostel.com\/faq\/","og_site_name":"3 Bros&#039; Hostel","article_publisher":"https:\/\/www.facebook.com\/hostel.cieszyn\/","article_modified_time":"2024-10-08T09:59:56+00:00","twitter_card":"summary_large_image","twitter_site":"@3BrosHostel","twitter_misc":{"Est. reading time":"6 minutes"},"schema":{"@context":"https:\/\/schema.org","@graph":[{"@type":"WebPage","@id":"https:\/\/3broshostel.com\/faq\/","url":"https:\/\/3broshostel.com\/faq\/","name":"FAQ | 3 Bros&#039; Hostel","isPartOf":{"@id":"https:\/\/3broshostel.com\/#website"},"datePublished":"2018-10-10T22:56:02+00:00","dateModified":"2024-10-08T09:59:56+00:00","breadcrumb":{"@id":"https:\/\/3broshostel.com\/faq\/#breadcrumb"},"inLanguage":"en-US","potentialAction":[{"@type":"ReadAction","target":["https:\/\/3broshostel.com\/faq\/"]}]},{"@type":"BreadcrumbList","@id":"https:\/\/3broshostel.com\/faq\/#breadcrumb","itemListElement":[{"@type":"ListItem","position":1,"name":"Strona g\u0142\u00f3wna","item":"https:\/\/3broshostel.com\/"},{"@type":"ListItem","position":2,"name":"FAQ"}]},{"@type":"WebSite","@id":"https:\/\/3broshostel.com\/#website","url":"https:\/\/3broshostel.com\/","name":"3 Bros' Hostel Cieszyn\/ \u010cesk\u00fd T\u011b\u0161\u00edn","description":"Cieszyn \/ \u010cesk\u00fd T\u011b\u0161\u00edn - Accomodation for backpackers","publisher":{"@id":"https:\/\/3broshostel.com\/#organization"},"potentialAction":[{"@type":"SearchAction","target":{"@type":"EntryPoint","urlTemplate":"https:\/\/3broshostel.com\/?s={search_term_string}"},"query-input":{"@type":"PropertyValueSpecification","valueRequired":true,"valueName":"search_term_string"}}],"inLanguage":"en-US"},{"@type":"Organization","@id":"https:\/\/3broshostel.com\/#organization","name":"3 Bros' Hostel Cieszyn\/ \u010cesk\u00fd T\u011b\u0161\u00edn","url":"https:\/\/3broshostel.com\/","logo":{"@type":"ImageObject","inLanguage":"en-US","@id":"https:\/\/3broshostel.com\/#\/schema\/logo\/image\/","url":"https:\/\/3broshostel.com\/wp-content\/uploads\/2019\/03\/hostel_logo_new2019.png","contentUrl":"https:\/\/3broshostel.com\/wp-content\/uploads\/2019\/03\/hostel_logo_new2019.png","width":1734,"height":435,"caption":"3 Bros' Hostel Cieszyn\/ \u010cesk\u00fd T\u011b\u0161\u00edn"},"image":{"@id":"https:\/\/3broshostel.com\/#\/schema\/logo\/image\/"},"sameAs":["https:\/\/www.facebook.com\/hostel.cieszyn\/","https:\/\/x.com\/3BrosHostel","https:\/\/www.instagram.com\/3bros_hostel_cieszyn\/","https:\/\/www.youtube.com\/watch?v=oGFvBgvd0d4"]}]}},"_links":{"self":[{"href":"https:\/\/3broshostel.com\/en\/wp-json\/wp\/v2\/pages\/83"}],"collection":[{"href":"https:\/\/3broshostel.com\/en\/wp-json\/wp\/v2\/pages"}],"about":[{"href":"https:\/\/3broshostel.com\/en\/wp-json\/wp\/v2\/types\/page"}],"author":[{"embeddable":true,"href":"https:\/\/3broshostel.com\/en\/wp-json\/wp\/v2\/users\/1"}],"replies":[{"embeddable":true,"href":"https:\/\/3broshostel.com\/en\/wp-json\/wp\/v2\/comments?post=83"}],"version-history":[{"count":6,"href":"https:\/\/3broshostel.com\/en\/wp-json\/wp\/v2\/pages\/83\/revisions"}],"predecessor-version":[{"id":6343,"href":"https:\/\/3broshostel.com\/en\/wp-json\/wp\/v2\/pages\/83\/revisions\/6343"}],"wp:attachment":[{"href":"https:\/\/3broshostel.com\/en\/wp-json\/wp\/v2\/media?parent=83"}],"curies":[{"name":"wp","href":"https:\/\/api.w.org\/{rel}","templated":true}]}}