{"id":89,"date":"2018-10-11T00:56:51","date_gmt":"2018-10-10T22:56:51","guid":{"rendered":"http:\/\/3broshostel.com\/?page_id=89"},"modified":"2019-03-05T01:10:05","modified_gmt":"2019-03-05T00:10:05","slug":"fundacja-volens-cieszyn","status":"publish","type":"page","link":"https:\/\/3broshostel.com\/en\/fundacja-volens-cieszyn\/","title":{"rendered":"Volens"},"content":{"rendered":"<p><\/p>\n<h3>Volens &#8211; which means willing.<\/h3>\n<p><a href=\"https:\/\/fundacjavolens.pl\/\"><img fetchpriority=\"high\" decoding=\"async\" class=\"size-large wp-image-570 alignright\" src=\"http:\/\/3broshostel.com\/wp-content\/uploads\/2019\/02\/volens_logo.png\" alt=\"\" width=\"580\" height=\"137\" \/><\/a><\/p>\n<p>The name of our organisation is not accidental at all.<\/p>\n<p>Because for us it is important that in the nearest future the recognition and popularity of the region in which we actively operate would be directly proportional to its huge potential. Both historic and cultural.<\/p>\n<p>The activities of the Volens foundation are focused on activity in the cross-border region of Cieszyn Silesia. The central location, several hundred years of autonomy in relation to larger administrative entities caused that thanks to its multiethnicity the region was a mainstay of tolerance and religious freedom. A place where Germans, Jews, Slavs and all who came here even from the most distant lands felt well.<\/p>\n<p>Our main goals, also included in the foundation&#8217;s statute, include recreation and nurturing the somewhat forgotten heritage of the Cieszyn Duchy, and the promotion of conscious and sustainable tourism. The apple of foundation&#8217;s eye is to support activities related to genealogical tourism &#8211; being aware that the social structure has changed diametrically throughout the 20th century.<\/p>\n<p>Cieszyn and Duchy of Cieszyn are the treasures that we have discovered. We don&#8217;t want to hide this treasure from the world, just like gold diggers in the Wild West. Quite the contrary &#8211; for us it is important that as many people as possible could use it!<\/p>\n<p>Feel free to contact us if you are interested in cooperation!<\/p>\n<p>&nbsp;<\/p>","protected":false},"excerpt":{"rendered":"<p>Volens &#8211; which means willing. The name of our organisation is not accidental at all. Because for us it is important that in the nearest future the recognition and popularity of the region in which we actively operate would be directly proportional to its huge potential. Both historic and cultural. The activities of the Volens [&hellip;]<\/p>\n","protected":false},"author":1,"featured_media":0,"parent":0,"menu_order":0,"comment_status":"closed","ping_status":"closed","template":"","meta":{"_acf_changed":false,"footnotes":""},"class_list":["post-89","page","type-page","status-publish","hentry"],"acf":[],"yoast_head":"<!-- This site is optimized with the Yoast SEO plugin v25.6 - https:\/\/yoast.com\/wordpress\/plugins\/seo\/ -->\n<title>Fundacja Volens | Cieszyn | Turystyka Zr\u00f3wnowa\u017cona<\/title>\n<meta name=\"description\" content=\"Rozw\u00f3j turystyki zr\u00f3wnowa\u017conej na \u015al\u0105sku Cieszy\u0144skim oraz rewitalizacja pami\u0119ci Ksi\u0119stwa Cieszy\u0144skiego.\" \/>\n<meta name=\"robots\" content=\"index, follow, max-snippet:-1, max-image-preview:large, max-video-preview:-1\" \/>\n<link rel=\"canonical\" href=\"https:\/\/3broshostel.com\/fundacja-volens-cieszyn\/\" \/>\n<meta property=\"og:locale\" content=\"en_US\" \/>\n<meta property=\"og:type\" content=\"article\" \/>\n<meta property=\"og:title\" content=\"Fundacja Volens | Cieszyn | Turystyka Zr\u00f3wnowa\u017cona\" \/>\n<meta property=\"og:description\" content=\"Rozw\u00f3j turystyki zr\u00f3wnowa\u017conej na \u015al\u0105sku Cieszy\u0144skim oraz rewitalizacja pami\u0119ci Ksi\u0119stwa Cieszy\u0144skiego.\" \/>\n<meta property=\"og:url\" content=\"https:\/\/3broshostel.com\/fundacja-volens-cieszyn\/\" \/>\n<meta property=\"og:site_name\" content=\"3 Bros&#039; Hostel\" \/>\n<meta property=\"article:publisher\" content=\"https:\/\/www.facebook.com\/hostel.cieszyn\/\" \/>\n<meta property=\"article:modified_time\" content=\"2019-03-05T00:10:05+00:00\" \/>\n<meta property=\"og:image\" content=\"http:\/\/3broshostel.com\/wp-content\/uploads\/2019\/02\/volens_logo.png\" \/>\n<meta name=\"twitter:card\" content=\"summary_large_image\" \/>\n<meta name=\"twitter:site\" content=\"@3BrosHostel\" \/>\n<meta name=\"twitter:label1\" content=\"Est. reading time\" \/>\n\t<meta name=\"twitter:data1\" content=\"2 minutes\" \/>\n<script type=\"application\/ld+json\" class=\"yoast-schema-graph\">{\"@context\":\"https:\/\/schema.org\",\"@graph\":[{\"@type\":\"WebPage\",\"@id\":\"https:\/\/3broshostel.com\/fundacja-volens-cieszyn\/\",\"url\":\"https:\/\/3broshostel.com\/fundacja-volens-cieszyn\/\",\"name\":\"Fundacja Volens | Cieszyn | Turystyka Zr\u00f3wnowa\u017cona\",\"isPartOf\":{\"@id\":\"https:\/\/3broshostel.com\/#website\"},\"primaryImageOfPage\":{\"@id\":\"https:\/\/3broshostel.com\/fundacja-volens-cieszyn\/#primaryimage\"},\"image\":{\"@id\":\"https:\/\/3broshostel.com\/fundacja-volens-cieszyn\/#primaryimage\"},\"thumbnailUrl\":\"http:\/\/3broshostel.com\/wp-content\/uploads\/2019\/02\/volens_logo.png\",\"datePublished\":\"2018-10-10T22:56:51+00:00\",\"dateModified\":\"2019-03-05T00:10:05+00:00\",\"description\":\"Rozw\u00f3j turystyki zr\u00f3wnowa\u017conej na \u015al\u0105sku Cieszy\u0144skim oraz rewitalizacja pami\u0119ci Ksi\u0119stwa Cieszy\u0144skiego.\",\"breadcrumb\":{\"@id\":\"https:\/\/3broshostel.com\/fundacja-volens-cieszyn\/#breadcrumb\"},\"inLanguage\":\"en-US\",\"potentialAction\":[{\"@type\":\"ReadAction\",\"target\":[\"https:\/\/3broshostel.com\/fundacja-volens-cieszyn\/\"]}]},{\"@type\":\"ImageObject\",\"inLanguage\":\"en-US\",\"@id\":\"https:\/\/3broshostel.com\/fundacja-volens-cieszyn\/#primaryimage\",\"url\":\"http:\/\/3broshostel.com\/wp-content\/uploads\/2019\/02\/volens_logo.png\",\"contentUrl\":\"http:\/\/3broshostel.com\/wp-content\/uploads\/2019\/02\/volens_logo.png\"},{\"@type\":\"BreadcrumbList\",\"@id\":\"https:\/\/3broshostel.com\/fundacja-volens-cieszyn\/#breadcrumb\",\"itemListElement\":[{\"@type\":\"ListItem\",\"position\":1,\"name\":\"Strona g\u0142\u00f3wna\",\"item\":\"https:\/\/3broshostel.com\/\"},{\"@type\":\"ListItem\",\"position\":2,\"name\":\"Volens\"}]},{\"@type\":\"WebSite\",\"@id\":\"https:\/\/3broshostel.com\/#website\",\"url\":\"https:\/\/3broshostel.com\/\",\"name\":\"3 Bros' Hostel Cieszyn\/ \u010cesk\u00fd T\u011b\u0161\u00edn\",\"description\":\"Cieszyn \/ \u010cesk\u00fd T\u011b\u0161\u00edn - Accomodation for backpackers\",\"publisher\":{\"@id\":\"https:\/\/3broshostel.com\/#organization\"},\"potentialAction\":[{\"@type\":\"SearchAction\",\"target\":{\"@type\":\"EntryPoint\",\"urlTemplate\":\"https:\/\/3broshostel.com\/?s={search_term_string}\"},\"query-input\":{\"@type\":\"PropertyValueSpecification\",\"valueRequired\":true,\"valueName\":\"search_term_string\"}}],\"inLanguage\":\"en-US\"},{\"@type\":\"Organization\",\"@id\":\"https:\/\/3broshostel.com\/#organization\",\"name\":\"3 Bros' Hostel Cieszyn\/ \u010cesk\u00fd T\u011b\u0161\u00edn\",\"url\":\"https:\/\/3broshostel.com\/\",\"logo\":{\"@type\":\"ImageObject\",\"inLanguage\":\"en-US\",\"@id\":\"https:\/\/3broshostel.com\/#\/schema\/logo\/image\/\",\"url\":\"https:\/\/3broshostel.com\/wp-content\/uploads\/2019\/03\/hostel_logo_new2019.png\",\"contentUrl\":\"https:\/\/3broshostel.com\/wp-content\/uploads\/2019\/03\/hostel_logo_new2019.png\",\"width\":1734,\"height\":435,\"caption\":\"3 Bros' Hostel Cieszyn\/ \u010cesk\u00fd T\u011b\u0161\u00edn\"},\"image\":{\"@id\":\"https:\/\/3broshostel.com\/#\/schema\/logo\/image\/\"},\"sameAs\":[\"https:\/\/www.facebook.com\/hostel.cieszyn\/\",\"https:\/\/x.com\/3BrosHostel\",\"https:\/\/www.instagram.com\/3bros_hostel_cieszyn\/\",\"https:\/\/www.youtube.com\/watch?v=oGFvBgvd0d4\"]}]}<\/script>\n<!-- \/ Yoast SEO plugin. -->","yoast_head_json":{"title":"Fundacja Volens | Cieszyn | Turystyka Zr\u00f3wnowa\u017cona","description":"Rozw\u00f3j turystyki zr\u00f3wnowa\u017conej na \u015al\u0105sku Cieszy\u0144skim oraz rewitalizacja pami\u0119ci Ksi\u0119stwa Cieszy\u0144skiego.","robots":{"index":"index","follow":"follow","max-snippet":"max-snippet:-1","max-image-preview":"max-image-preview:large","max-video-preview":"max-video-preview:-1"},"canonical":"https:\/\/3broshostel.com\/fundacja-volens-cieszyn\/","og_locale":"en_US","og_type":"article","og_title":"Fundacja Volens | Cieszyn | Turystyka Zr\u00f3wnowa\u017cona","og_description":"Rozw\u00f3j turystyki zr\u00f3wnowa\u017conej na \u015al\u0105sku Cieszy\u0144skim oraz rewitalizacja pami\u0119ci Ksi\u0119stwa Cieszy\u0144skiego.","og_url":"https:\/\/3broshostel.com\/fundacja-volens-cieszyn\/","og_site_name":"3 Bros&#039; Hostel","article_publisher":"https:\/\/www.facebook.com\/hostel.cieszyn\/","article_modified_time":"2019-03-05T00:10:05+00:00","og_image":[{"url":"http:\/\/3broshostel.com\/wp-content\/uploads\/2019\/02\/volens_logo.png","type":"","width":"","height":""}],"twitter_card":"summary_large_image","twitter_site":"@3BrosHostel","twitter_misc":{"Est. reading time":"2 minutes"},"schema":{"@context":"https:\/\/schema.org","@graph":[{"@type":"WebPage","@id":"https:\/\/3broshostel.com\/fundacja-volens-cieszyn\/","url":"https:\/\/3broshostel.com\/fundacja-volens-cieszyn\/","name":"Fundacja Volens | Cieszyn | Turystyka Zr\u00f3wnowa\u017cona","isPartOf":{"@id":"https:\/\/3broshostel.com\/#website"},"primaryImageOfPage":{"@id":"https:\/\/3broshostel.com\/fundacja-volens-cieszyn\/#primaryimage"},"image":{"@id":"https:\/\/3broshostel.com\/fundacja-volens-cieszyn\/#primaryimage"},"thumbnailUrl":"http:\/\/3broshostel.com\/wp-content\/uploads\/2019\/02\/volens_logo.png","datePublished":"2018-10-10T22:56:51+00:00","dateModified":"2019-03-05T00:10:05+00:00","description":"Rozw\u00f3j turystyki zr\u00f3wnowa\u017conej na \u015al\u0105sku Cieszy\u0144skim oraz rewitalizacja pami\u0119ci Ksi\u0119stwa Cieszy\u0144skiego.","breadcrumb":{"@id":"https:\/\/3broshostel.com\/fundacja-volens-cieszyn\/#breadcrumb"},"inLanguage":"en-US","potentialAction":[{"@type":"ReadAction","target":["https:\/\/3broshostel.com\/fundacja-volens-cieszyn\/"]}]},{"@type":"ImageObject","inLanguage":"en-US","@id":"https:\/\/3broshostel.com\/fundacja-volens-cieszyn\/#primaryimage","url":"http:\/\/3broshostel.com\/wp-content\/uploads\/2019\/02\/volens_logo.png","contentUrl":"http:\/\/3broshostel.com\/wp-content\/uploads\/2019\/02\/volens_logo.png"},{"@type":"BreadcrumbList","@id":"https:\/\/3broshostel.com\/fundacja-volens-cieszyn\/#breadcrumb","itemListElement":[{"@type":"ListItem","position":1,"name":"Strona g\u0142\u00f3wna","item":"https:\/\/3broshostel.com\/"},{"@type":"ListItem","position":2,"name":"Volens"}]},{"@type":"WebSite","@id":"https:\/\/3broshostel.com\/#website","url":"https:\/\/3broshostel.com\/","name":"3 Bros' Hostel Cieszyn\/ \u010cesk\u00fd T\u011b\u0161\u00edn","description":"Cieszyn \/ \u010cesk\u00fd T\u011b\u0161\u00edn - Accomodation for backpackers","publisher":{"@id":"https:\/\/3broshostel.com\/#organization"},"potentialAction":[{"@type":"SearchAction","target":{"@type":"EntryPoint","urlTemplate":"https:\/\/3broshostel.com\/?s={search_term_string}"},"query-input":{"@type":"PropertyValueSpecification","valueRequired":true,"valueName":"search_term_string"}}],"inLanguage":"en-US"},{"@type":"Organization","@id":"https:\/\/3broshostel.com\/#organization","name":"3 Bros' Hostel Cieszyn\/ \u010cesk\u00fd T\u011b\u0161\u00edn","url":"https:\/\/3broshostel.com\/","logo":{"@type":"ImageObject","inLanguage":"en-US","@id":"https:\/\/3broshostel.com\/#\/schema\/logo\/image\/","url":"https:\/\/3broshostel.com\/wp-content\/uploads\/2019\/03\/hostel_logo_new2019.png","contentUrl":"https:\/\/3broshostel.com\/wp-content\/uploads\/2019\/03\/hostel_logo_new2019.png","width":1734,"height":435,"caption":"3 Bros' Hostel Cieszyn\/ \u010cesk\u00fd T\u011b\u0161\u00edn"},"image":{"@id":"https:\/\/3broshostel.com\/#\/schema\/logo\/image\/"},"sameAs":["https:\/\/www.facebook.com\/hostel.cieszyn\/","https:\/\/x.com\/3BrosHostel","https:\/\/www.instagram.com\/3bros_hostel_cieszyn\/","https:\/\/www.youtube.com\/watch?v=oGFvBgvd0d4"]}]}},"_links":{"self":[{"href":"https:\/\/3broshostel.com\/en\/wp-json\/wp\/v2\/pages\/89"}],"collection":[{"href":"https:\/\/3broshostel.com\/en\/wp-json\/wp\/v2\/pages"}],"about":[{"href":"https:\/\/3broshostel.com\/en\/wp-json\/wp\/v2\/types\/page"}],"author":[{"embeddable":true,"href":"https:\/\/3broshostel.com\/en\/wp-json\/wp\/v2\/users\/1"}],"replies":[{"embeddable":true,"href":"https:\/\/3broshostel.com\/en\/wp-json\/wp\/v2\/comments?post=89"}],"version-history":[{"count":1,"href":"https:\/\/3broshostel.com\/en\/wp-json\/wp\/v2\/pages\/89\/revisions"}],"predecessor-version":[{"id":841,"href":"https:\/\/3broshostel.com\/en\/wp-json\/wp\/v2\/pages\/89\/revisions\/841"}],"wp:attachment":[{"href":"https:\/\/3broshostel.com\/en\/wp-json\/wp\/v2\/media?parent=89"}],"curies":[{"name":"wp","href":"https:\/\/api.w.org\/{rel}","templated":true}]}}