{"id":9,"date":"2018-09-15T19:52:42","date_gmt":"2018-09-15T17:52:42","guid":{"rendered":"http:\/\/3broshostel.com\/?page_id=9"},"modified":"2025-01-04T19:04:40","modified_gmt":"2025-01-04T18:04:40","slug":"rooms","status":"publish","type":"page","link":"https:\/\/3broshostel.com\/en\/oferta\/rooms\/","title":{"rendered":"Rooms"},"content":{"rendered":"<p><b>IMPORTANT:<\/b><\/p>\n<p>* If You travel with group of friends (over 6-pax) stag party, hen party, kids, please let us know in advance!<\/p>\n<p>* Hostel is located on the first\u00a0floor adn second floor (Franz, Joseph), no lift here.<\/p>\n<p>For use of every 3bros\u2019 hostel\u2019s guest there are the following facilities: a towel, beddings with fresh bedclothes, breakfast, Wifi around the whole premises, fully equipped kitchen access, tea, coffee, snacks, TV, dvd, chilled out common room, left luggage lockers, hot water showers, a computer with internet access and a printer for common use, hair dryer, bicycle.<\/p>\n<p>Reception desk is open 24\/7<\/p>\n<p>*There is no hostel parking here, unfortunately. Just outside you can find a parking space (3 PLN\/for an hour during the weekday, between 8am-6pm).<\/p>","protected":false},"excerpt":{"rendered":"<p>IMPORTANT: * If You travel with group of friends (over 6-pax) stag party, hen party, kids, please let us know in advance! * Hostel is located on the first\u00a0floor adn second floor (Franz, Joseph), no lift here. For use of every 3bros\u2019 hostel\u2019s guest there are the following facilities: a towel, beddings with fresh bedclothes, [&hellip;]<\/p>\n","protected":false},"author":1,"featured_media":0,"parent":22,"menu_order":0,"comment_status":"closed","ping_status":"closed","template":"page-pokoje.php","meta":{"_acf_changed":false,"footnotes":""},"class_list":["post-9","page","type-page","status-publish","hentry"],"acf":[],"yoast_head":"<!-- This site is optimized with the Yoast SEO plugin v25.6 - https:\/\/yoast.com\/wordpress\/plugins\/seo\/ -->\n<title>Rooms | 3 Bros&#039; Hostel<\/title>\n<meta name=\"robots\" content=\"index, follow, max-snippet:-1, max-image-preview:large, max-video-preview:-1\" \/>\n<link rel=\"canonical\" href=\"https:\/\/3broshostel.com\/oferta\/rooms\/\" \/>\n<meta property=\"og:locale\" content=\"en_US\" \/>\n<meta property=\"og:type\" content=\"article\" \/>\n<meta property=\"og:title\" content=\"Rooms | 3 Bros&#039; Hostel\" \/>\n<meta property=\"og:description\" content=\"IMPORTANT: * If You travel with group of friends (over 6-pax) stag party, hen party, kids, please let us know in advance! * Hostel is located on the first\u00a0floor adn second floor (Franz, Joseph), no lift here. For use of every 3bros\u2019 hostel\u2019s guest there are the following facilities: a towel, beddings with fresh bedclothes, [&hellip;]\" \/>\n<meta property=\"og:url\" content=\"https:\/\/3broshostel.com\/oferta\/rooms\/\" \/>\n<meta property=\"og:site_name\" content=\"3 Bros&#039; Hostel\" \/>\n<meta property=\"article:publisher\" content=\"https:\/\/www.facebook.com\/hostel.cieszyn\/\" \/>\n<meta property=\"article:modified_time\" content=\"2025-01-04T18:04:40+00:00\" \/>\n<meta name=\"twitter:card\" content=\"summary_large_image\" \/>\n<meta name=\"twitter:site\" content=\"@3BrosHostel\" \/>\n<meta name=\"twitter:label1\" content=\"Est. reading time\" \/>\n\t<meta name=\"twitter:data1\" content=\"4 minutes\" \/>\n<script type=\"application\/ld+json\" class=\"yoast-schema-graph\">{\"@context\":\"https:\/\/schema.org\",\"@graph\":[{\"@type\":\"WebPage\",\"@id\":\"https:\/\/3broshostel.com\/oferta\/rooms\/\",\"url\":\"https:\/\/3broshostel.com\/oferta\/rooms\/\",\"name\":\"Rooms | 3 Bros&#039; Hostel\",\"isPartOf\":{\"@id\":\"https:\/\/3broshostel.com\/#website\"},\"datePublished\":\"2018-09-15T17:52:42+00:00\",\"dateModified\":\"2025-01-04T18:04:40+00:00\",\"breadcrumb\":{\"@id\":\"https:\/\/3broshostel.com\/oferta\/rooms\/#breadcrumb\"},\"inLanguage\":\"en-US\",\"potentialAction\":[{\"@type\":\"ReadAction\",\"target\":[\"https:\/\/3broshostel.com\/oferta\/rooms\/\"]}]},{\"@type\":\"BreadcrumbList\",\"@id\":\"https:\/\/3broshostel.com\/oferta\/rooms\/#breadcrumb\",\"itemListElement\":[{\"@type\":\"ListItem\",\"position\":1,\"name\":\"Strona g\u0142\u00f3wna\",\"item\":\"https:\/\/3broshostel.com\/\"},{\"@type\":\"ListItem\",\"position\":2,\"name\":\"Oferta\",\"item\":\"https:\/\/3broshostel.com\/oferta\/\"},{\"@type\":\"ListItem\",\"position\":3,\"name\":\"Pokoje\"}]},{\"@type\":\"WebSite\",\"@id\":\"https:\/\/3broshostel.com\/#website\",\"url\":\"https:\/\/3broshostel.com\/\",\"name\":\"3 Bros' Hostel Cieszyn\/ \u010cesk\u00fd T\u011b\u0161\u00edn\",\"description\":\"Cieszyn \/ \u010cesk\u00fd T\u011b\u0161\u00edn - Accomodation for backpackers\",\"publisher\":{\"@id\":\"https:\/\/3broshostel.com\/#organization\"},\"potentialAction\":[{\"@type\":\"SearchAction\",\"target\":{\"@type\":\"EntryPoint\",\"urlTemplate\":\"https:\/\/3broshostel.com\/?s={search_term_string}\"},\"query-input\":{\"@type\":\"PropertyValueSpecification\",\"valueRequired\":true,\"valueName\":\"search_term_string\"}}],\"inLanguage\":\"en-US\"},{\"@type\":\"Organization\",\"@id\":\"https:\/\/3broshostel.com\/#organization\",\"name\":\"3 Bros' Hostel Cieszyn\/ \u010cesk\u00fd T\u011b\u0161\u00edn\",\"url\":\"https:\/\/3broshostel.com\/\",\"logo\":{\"@type\":\"ImageObject\",\"inLanguage\":\"en-US\",\"@id\":\"https:\/\/3broshostel.com\/#\/schema\/logo\/image\/\",\"url\":\"https:\/\/3broshostel.com\/wp-content\/uploads\/2019\/03\/hostel_logo_new2019.png\",\"contentUrl\":\"https:\/\/3broshostel.com\/wp-content\/uploads\/2019\/03\/hostel_logo_new2019.png\",\"width\":1734,\"height\":435,\"caption\":\"3 Bros' Hostel Cieszyn\/ \u010cesk\u00fd T\u011b\u0161\u00edn\"},\"image\":{\"@id\":\"https:\/\/3broshostel.com\/#\/schema\/logo\/image\/\"},\"sameAs\":[\"https:\/\/www.facebook.com\/hostel.cieszyn\/\",\"https:\/\/x.com\/3BrosHostel\",\"https:\/\/www.instagram.com\/3bros_hostel_cieszyn\/\",\"https:\/\/www.youtube.com\/watch?v=oGFvBgvd0d4\"]}]}<\/script>\n<!-- \/ Yoast SEO plugin. -->","yoast_head_json":{"title":"Rooms | 3 Bros&#039; Hostel","robots":{"index":"index","follow":"follow","max-snippet":"max-snippet:-1","max-image-preview":"max-image-preview:large","max-video-preview":"max-video-preview:-1"},"canonical":"https:\/\/3broshostel.com\/oferta\/rooms\/","og_locale":"en_US","og_type":"article","og_title":"Rooms | 3 Bros&#039; Hostel","og_description":"IMPORTANT: * If You travel with group of friends (over 6-pax) stag party, hen party, kids, please let us know in advance! * Hostel is located on the first\u00a0floor adn second floor (Franz, Joseph), no lift here. For use of every 3bros\u2019 hostel\u2019s guest there are the following facilities: a towel, beddings with fresh bedclothes, [&hellip;]","og_url":"https:\/\/3broshostel.com\/oferta\/rooms\/","og_site_name":"3 Bros&#039; Hostel","article_publisher":"https:\/\/www.facebook.com\/hostel.cieszyn\/","article_modified_time":"2025-01-04T18:04:40+00:00","twitter_card":"summary_large_image","twitter_site":"@3BrosHostel","twitter_misc":{"Est. reading time":"4 minutes"},"schema":{"@context":"https:\/\/schema.org","@graph":[{"@type":"WebPage","@id":"https:\/\/3broshostel.com\/oferta\/rooms\/","url":"https:\/\/3broshostel.com\/oferta\/rooms\/","name":"Rooms | 3 Bros&#039; Hostel","isPartOf":{"@id":"https:\/\/3broshostel.com\/#website"},"datePublished":"2018-09-15T17:52:42+00:00","dateModified":"2025-01-04T18:04:40+00:00","breadcrumb":{"@id":"https:\/\/3broshostel.com\/oferta\/rooms\/#breadcrumb"},"inLanguage":"en-US","potentialAction":[{"@type":"ReadAction","target":["https:\/\/3broshostel.com\/oferta\/rooms\/"]}]},{"@type":"BreadcrumbList","@id":"https:\/\/3broshostel.com\/oferta\/rooms\/#breadcrumb","itemListElement":[{"@type":"ListItem","position":1,"name":"Strona g\u0142\u00f3wna","item":"https:\/\/3broshostel.com\/"},{"@type":"ListItem","position":2,"name":"Oferta","item":"https:\/\/3broshostel.com\/oferta\/"},{"@type":"ListItem","position":3,"name":"Pokoje"}]},{"@type":"WebSite","@id":"https:\/\/3broshostel.com\/#website","url":"https:\/\/3broshostel.com\/","name":"3 Bros' Hostel Cieszyn\/ \u010cesk\u00fd T\u011b\u0161\u00edn","description":"Cieszyn \/ \u010cesk\u00fd T\u011b\u0161\u00edn - Accomodation for backpackers","publisher":{"@id":"https:\/\/3broshostel.com\/#organization"},"potentialAction":[{"@type":"SearchAction","target":{"@type":"EntryPoint","urlTemplate":"https:\/\/3broshostel.com\/?s={search_term_string}"},"query-input":{"@type":"PropertyValueSpecification","valueRequired":true,"valueName":"search_term_string"}}],"inLanguage":"en-US"},{"@type":"Organization","@id":"https:\/\/3broshostel.com\/#organization","name":"3 Bros' Hostel Cieszyn\/ \u010cesk\u00fd T\u011b\u0161\u00edn","url":"https:\/\/3broshostel.com\/","logo":{"@type":"ImageObject","inLanguage":"en-US","@id":"https:\/\/3broshostel.com\/#\/schema\/logo\/image\/","url":"https:\/\/3broshostel.com\/wp-content\/uploads\/2019\/03\/hostel_logo_new2019.png","contentUrl":"https:\/\/3broshostel.com\/wp-content\/uploads\/2019\/03\/hostel_logo_new2019.png","width":1734,"height":435,"caption":"3 Bros' Hostel Cieszyn\/ \u010cesk\u00fd T\u011b\u0161\u00edn"},"image":{"@id":"https:\/\/3broshostel.com\/#\/schema\/logo\/image\/"},"sameAs":["https:\/\/www.facebook.com\/hostel.cieszyn\/","https:\/\/x.com\/3BrosHostel","https:\/\/www.instagram.com\/3bros_hostel_cieszyn\/","https:\/\/www.youtube.com\/watch?v=oGFvBgvd0d4"]}]}},"_links":{"self":[{"href":"https:\/\/3broshostel.com\/en\/wp-json\/wp\/v2\/pages\/9"}],"collection":[{"href":"https:\/\/3broshostel.com\/en\/wp-json\/wp\/v2\/pages"}],"about":[{"href":"https:\/\/3broshostel.com\/en\/wp-json\/wp\/v2\/types\/page"}],"author":[{"embeddable":true,"href":"https:\/\/3broshostel.com\/en\/wp-json\/wp\/v2\/users\/1"}],"replies":[{"embeddable":true,"href":"https:\/\/3broshostel.com\/en\/wp-json\/wp\/v2\/comments?post=9"}],"version-history":[{"count":4,"href":"https:\/\/3broshostel.com\/en\/wp-json\/wp\/v2\/pages\/9\/revisions"}],"predecessor-version":[{"id":6349,"href":"https:\/\/3broshostel.com\/en\/wp-json\/wp\/v2\/pages\/9\/revisions\/6349"}],"up":[{"embeddable":true,"href":"https:\/\/3broshostel.com\/en\/wp-json\/wp\/v2\/pages\/22"}],"wp:attachment":[{"href":"https:\/\/3broshostel.com\/en\/wp-json\/wp\/v2\/media?parent=9"}],"curies":[{"name":"wp","href":"https:\/\/api.w.org\/{rel}","templated":true}]}}